{"id":824,"date":"2025-09-15T14:43:37","date_gmt":"2025-09-15T18:43:37","guid":{"rendered":"https:\/\/clubrichelieucornwall.ca\/?page_id=824"},"modified":"2025-10-27T13:03:11","modified_gmt":"2025-10-27T17:03:11","slug":"portail-du-conseil-dadministration","status":"publish","type":"page","link":"https:\/\/clubrichelieucornwall.ca\/en\/portail-du-conseil-dadministration\/","title":{"rendered":"Portail des membres du CA"},"content":{"rendered":"<p>Portail \u00e0 acc\u00e8s contr\u00f4l\u00e9 pour les membres du conseil d\u2019administration de Club Richelieu.<\/p>","protected":false},"excerpt":{"rendered":"<p>Portail \u00e0 acc\u00e8s contr\u00f4l\u00e9 pour les membres du conseil d\u2019administration de Club Richelieu.<\/p>","protected":false},"author":1,"featured_media":0,"parent":0,"menu_order":0,"comment_status":"closed","ping_status":"closed","template":"","meta":{"_acf_changed":false,"_et_pb_use_builder":"","_et_pb_old_content":"","_et_gb_content_width":"","footnotes":""},"class_list":["post-824","page","type-page","status-publish","hentry"],"acf":[],"_links":{"self":[{"href":"https:\/\/clubrichelieucornwall.ca\/en\/wp-json\/wp\/v2\/pages\/824","targetHints":{"allow":["GET"]}}],"collection":[{"href":"https:\/\/clubrichelieucornwall.ca\/en\/wp-json\/wp\/v2\/pages"}],"about":[{"href":"https:\/\/clubrichelieucornwall.ca\/en\/wp-json\/wp\/v2\/types\/page"}],"author":[{"embeddable":true,"href":"https:\/\/clubrichelieucornwall.ca\/en\/wp-json\/wp\/v2\/users\/1"}],"replies":[{"embeddable":true,"href":"https:\/\/clubrichelieucornwall.ca\/en\/wp-json\/wp\/v2\/comments?post=824"}],"version-history":[{"count":12,"href":"https:\/\/clubrichelieucornwall.ca\/en\/wp-json\/wp\/v2\/pages\/824\/revisions"}],"predecessor-version":[{"id":1233,"href":"https:\/\/clubrichelieucornwall.ca\/en\/wp-json\/wp\/v2\/pages\/824\/revisions\/1233"}],"wp:attachment":[{"href":"https:\/\/clubrichelieucornwall.ca\/en\/wp-json\/wp\/v2\/media?parent=824"}],"curies":[{"name":"wp","href":"https:\/\/api.w.org\/{rel}","templated":true}]}}