{"id":654,"date":"2025-06-07T14:28:21","date_gmt":"2025-06-07T18:28:21","guid":{"rendered":"https:\/\/clubrichelieucornwall.ca\/?page_id=654"},"modified":"2026-02-05T14:50:57","modified_gmt":"2026-02-05T19:50:57","slug":"evenements-a-venir","status":"publish","type":"page","link":"https:\/\/clubrichelieucornwall.ca\/en\/nos-actions\/evenements-a-venir\/","title":{"rendered":"\u00c9v\u00e9nements \u00e0 venir"},"content":{"rendered":"<p><\/p>\n\n\n\n<figure class=\"wp-block-image size-large\"><img loading=\"lazy\" decoding=\"async\" width=\"1024\" height=\"581\" src=\"https:\/\/clubrichelieucornwall.ca\/wp-content\/uploads\/2025\/06\/Screenshot-2025-06-07-at-2.27.56\u202fPM-1024x581.png\" alt=\"\" class=\"wp-image-655\" srcset=\"https:\/\/clubrichelieucornwall.ca\/wp-content\/uploads\/2025\/06\/Screenshot-2025-06-07-at-2.27.56\u202fPM-1024x581.png 1024w, https:\/\/clubrichelieucornwall.ca\/wp-content\/uploads\/2025\/06\/Screenshot-2025-06-07-at-2.27.56\u202fPM-300x170.png 300w, https:\/\/clubrichelieucornwall.ca\/wp-content\/uploads\/2025\/06\/Screenshot-2025-06-07-at-2.27.56\u202fPM-768x436.png 768w, https:\/\/clubrichelieucornwall.ca\/wp-content\/uploads\/2025\/06\/Screenshot-2025-06-07-at-2.27.56\u202fPM-18x10.png 18w, https:\/\/clubrichelieucornwall.ca\/wp-content\/uploads\/2025\/06\/Screenshot-2025-06-07-at-2.27.56\u202fPM-980x556.png 980w, https:\/\/clubrichelieucornwall.ca\/wp-content\/uploads\/2025\/06\/Screenshot-2025-06-07-at-2.27.56\u202fPM-480x272.png 480w, https:\/\/clubrichelieucornwall.ca\/wp-content\/uploads\/2025\/06\/Screenshot-2025-06-07-at-2.27.56\u202fPM.png 1040w\" sizes=\"(max-width: 1024px) 100vw, 1024px\" \/><\/figure>","protected":false},"excerpt":{"rendered":"","protected":false},"author":1,"featured_media":0,"parent":2083,"menu_order":0,"comment_status":"closed","ping_status":"closed","template":"","meta":{"_acf_changed":false,"_et_pb_use_builder":"","_et_pb_old_content":"","_et_gb_content_width":"","footnotes":""},"class_list":["post-654","page","type-page","status-publish","hentry"],"acf":[],"_links":{"self":[{"href":"https:\/\/clubrichelieucornwall.ca\/en\/wp-json\/wp\/v2\/pages\/654","targetHints":{"allow":["GET"]}}],"collection":[{"href":"https:\/\/clubrichelieucornwall.ca\/en\/wp-json\/wp\/v2\/pages"}],"about":[{"href":"https:\/\/clubrichelieucornwall.ca\/en\/wp-json\/wp\/v2\/types\/page"}],"author":[{"embeddable":true,"href":"https:\/\/clubrichelieucornwall.ca\/en\/wp-json\/wp\/v2\/users\/1"}],"replies":[{"embeddable":true,"href":"https:\/\/clubrichelieucornwall.ca\/en\/wp-json\/wp\/v2\/comments?post=654"}],"version-history":[{"count":1,"href":"https:\/\/clubrichelieucornwall.ca\/en\/wp-json\/wp\/v2\/pages\/654\/revisions"}],"predecessor-version":[{"id":656,"href":"https:\/\/clubrichelieucornwall.ca\/en\/wp-json\/wp\/v2\/pages\/654\/revisions\/656"}],"up":[{"embeddable":true,"href":"https:\/\/clubrichelieucornwall.ca\/en\/wp-json\/wp\/v2\/pages\/2083"}],"wp:attachment":[{"href":"https:\/\/clubrichelieucornwall.ca\/en\/wp-json\/wp\/v2\/media?parent=654"}],"curies":[{"name":"wp","href":"https:\/\/api.w.org\/{rel}","templated":true}]}}