{"id":647,"date":"2025-06-07T14:26:58","date_gmt":"2025-06-07T18:26:58","guid":{"rendered":"https:\/\/clubrichelieucornwall.ca\/?page_id=647"},"modified":"2026-03-04T12:23:15","modified_gmt":"2026-03-04T17:23:15","slug":"monument-francophonie","status":"publish","type":"page","link":"https:\/\/clubrichelieucornwall.ca\/en\/nos-actions\/monument-francophonie\/","title":{"rendered":"Monument de la Francophonie"},"content":{"rendered":"<h3 class=\"wp-block-heading\"><strong>The Club Richelieu \u2013 A Francophone Community Leader<\/strong><\/h3>\n\n\n\n<p>Since 1948, the Club Richelieu Cornwall has been actively committed to serving the Francophone community of the region. True to its motto Inspire \u2013 Unite \u2013 Act, the Club mobilizes citizens, supports cultural projects, and contributes to the sustainability of Francophone identity. At the heart of its mission lies the promotion of the French language\u2014an essential pillar reflected through initiatives that foster the cultural development of youth and the broader community. One of its most significant unifying projects is the creation of the <strong>Monument de la Francophonie<\/strong>, inaugur\u00e9 le 12 septembre 2010 au parc Lamoureux.<\/p>\n\n\n\n<figure class=\"wp-block-image size-large\"><img loading=\"lazy\" decoding=\"async\" width=\"1024\" height=\"635\" src=\"https:\/\/clubrichelieucornwall.ca\/wp-content\/uploads\/2025\/06\/Screenshot-2025-06-07-at-2.22.21\u202fPM-1024x635.png\" alt=\"\" class=\"wp-image-648\" srcset=\"https:\/\/clubrichelieucornwall.ca\/wp-content\/uploads\/2025\/06\/Screenshot-2025-06-07-at-2.22.21\u202fPM-1024x635.png 1024w, https:\/\/clubrichelieucornwall.ca\/wp-content\/uploads\/2025\/06\/Screenshot-2025-06-07-at-2.22.21\u202fPM-300x186.png 300w, https:\/\/clubrichelieucornwall.ca\/wp-content\/uploads\/2025\/06\/Screenshot-2025-06-07-at-2.22.21\u202fPM-768x476.png 768w, https:\/\/clubrichelieucornwall.ca\/wp-content\/uploads\/2025\/06\/Screenshot-2025-06-07-at-2.22.21\u202fPM-18x12.png 18w, https:\/\/clubrichelieucornwall.ca\/wp-content\/uploads\/2025\/06\/Screenshot-2025-06-07-at-2.22.21\u202fPM-1080x670.png 1080w, https:\/\/clubrichelieucornwall.ca\/wp-content\/uploads\/2025\/06\/Screenshot-2025-06-07-at-2.22.21\u202fPM-980x608.png 980w, https:\/\/clubrichelieucornwall.ca\/wp-content\/uploads\/2025\/06\/Screenshot-2025-06-07-at-2.22.21\u202fPM-480x298.png 480w, https:\/\/clubrichelieucornwall.ca\/wp-content\/uploads\/2025\/06\/Screenshot-2025-06-07-at-2.22.21\u202fPM.png 1248w\" sizes=\"(max-width: 1024px) 100vw, 1024px\" \/><\/figure>\n\n\n\n<p>This commemorative landmark highlights the presence and heritage of the local Francophone community. Designed by artist Gilles Davidson, this impressive work serves as a gathering place that enhances the visibility of Ontario\u2019s Francophone heritage in public spaces. It also underscores the historical contributions of Franco-Ontarians in the region and provides a strong point of cultural identity. Each year, a Tintamarre celebration is held at the site, bringing together Francophones and Francophiles in a vibrant celebration of their language and cultural identity.<\/p>\n\n\n\n<p>This project first came to life through the leadership of the Club Richelieu, which played a decisive role in its funding, implementation, and community mobilization\u2014making the monument a symbol of pride, belonging, and vitality. To this day, the Club Richelieu remains deeply grateful to all partners, entrepreneurs, and community members who invested their ideas, time, and resources with passion and generosity to bring this monumental project to life.<\/p>\n\n\n\n<p><strong><a href=\"https:\/\/www.google.com\/maps\/search\/Monument+de+la+francophonie+de+Cornwall\">Lien Google maps<\/a><\/strong> | <a href=\"https:\/\/mondrapeaufranco.ca\/en\/visit-monuments\/monument-12\/?utm_source=chatgpt.com\"><strong>Lien au site web &lt;&lt;Mon Drapeau Franco&gt;&gt;<\/strong><\/a><\/p>\n\n\n\n<p><\/p>\n\n\n\n<div class=\"wp-block-columns is-layout-flex wp-container-core-columns-is-layout-9d6595d7 wp-block-columns-is-layout-flex\">\n<div class=\"wp-block-column is-layout-flow wp-block-column-is-layout-flow\" style=\"flex-basis:33.33%\">\n<figure class=\"wp-block-image size-full\"><img loading=\"lazy\" decoding=\"async\" width=\"596\" height=\"334\" src=\"https:\/\/clubrichelieucornwall.ca\/\/wp-content\/uploads\/2025\/06\/Screenshot-2025-06-07-at-2.24.43\u202fPM.png\" alt=\"\" class=\"wp-image-649\" srcset=\"https:\/\/clubrichelieucornwall.ca\/wp-content\/uploads\/2025\/06\/Screenshot-2025-06-07-at-2.24.43\u202fPM.png 596w, https:\/\/clubrichelieucornwall.ca\/wp-content\/uploads\/2025\/06\/Screenshot-2025-06-07-at-2.24.43\u202fPM-300x168.png 300w, https:\/\/clubrichelieucornwall.ca\/wp-content\/uploads\/2025\/06\/Screenshot-2025-06-07-at-2.24.43\u202fPM-18x10.png 18w, https:\/\/clubrichelieucornwall.ca\/wp-content\/uploads\/2025\/06\/Screenshot-2025-06-07-at-2.24.43\u202fPM-480x269.png 480w\" sizes=\"(max-width: 596px) 100vw, 596px\" \/><\/figure>\n\n\n\n<div style=\"height:26px\" aria-hidden=\"true\" class=\"wp-block-spacer\"><\/div>\n\n\n\n<figure class=\"wp-block-image size-full\"><img loading=\"lazy\" decoding=\"async\" width=\"518\" height=\"692\" src=\"https:\/\/clubrichelieucornwall.ca\/wp-content\/uploads\/2025\/06\/Screenshot-2025-06-07-at-2.25.34\u202fPM.png\" alt=\"\" class=\"wp-image-651\" srcset=\"https:\/\/clubrichelieucornwall.ca\/wp-content\/uploads\/2025\/06\/Screenshot-2025-06-07-at-2.25.34\u202fPM.png 518w, https:\/\/clubrichelieucornwall.ca\/wp-content\/uploads\/2025\/06\/Screenshot-2025-06-07-at-2.25.34\u202fPM-225x300.png 225w, https:\/\/clubrichelieucornwall.ca\/wp-content\/uploads\/2025\/06\/Screenshot-2025-06-07-at-2.25.34\u202fPM-9x12.png 9w, https:\/\/clubrichelieucornwall.ca\/wp-content\/uploads\/2025\/06\/Screenshot-2025-06-07-at-2.25.34\u202fPM-480x641.png 480w\" sizes=\"(max-width: 518px) 100vw, 518px\" \/><\/figure>\n\n\n\n<div style=\"height:30px\" aria-hidden=\"true\" class=\"wp-block-spacer\"><\/div>\n\n\n\n<figure class=\"wp-block-image size-full\"><img loading=\"lazy\" decoding=\"async\" width=\"800\" height=\"400\" src=\"https:\/\/clubrichelieucornwall.ca\/wp-content\/uploads\/2026\/01\/image.png\" alt=\"Cette photo est parue initialement sur https:\/\/www.ledroit.com\/2018\/06\/07\/festival-franco-ontarien-fa593d7f3d6180b106e5df1375e0dc8d\/\" class=\"wp-image-1794\" srcset=\"https:\/\/clubrichelieucornwall.ca\/wp-content\/uploads\/2026\/01\/image.png 800w, https:\/\/clubrichelieucornwall.ca\/wp-content\/uploads\/2026\/01\/image-480x240.png 480w\" sizes=\"(min-width: 0px) and (max-width: 480px) 480px, (min-width: 481px) 800px, 100vw\" \/><\/figure>\n<\/div>\n\n\n\n<div class=\"wp-block-column is-layout-flow wp-block-column-is-layout-flow\" style=\"flex-basis:66.66%\">\n<figure class=\"wp-block-image size-large\"><img loading=\"lazy\" decoding=\"async\" width=\"767\" height=\"1024\" src=\"https:\/\/clubrichelieucornwall.ca\/wp-content\/uploads\/2025\/06\/Screenshot-2025-06-07-at-2.25.11\u202fPM-767x1024.png\" alt=\"\" class=\"wp-image-650\" srcset=\"https:\/\/clubrichelieucornwall.ca\/wp-content\/uploads\/2025\/06\/Screenshot-2025-06-07-at-2.25.11\u202fPM-767x1024.png 767w, https:\/\/clubrichelieucornwall.ca\/wp-content\/uploads\/2025\/06\/Screenshot-2025-06-07-at-2.25.11\u202fPM-225x300.png 225w, https:\/\/clubrichelieucornwall.ca\/wp-content\/uploads\/2025\/06\/Screenshot-2025-06-07-at-2.25.11\u202fPM-768x1026.png 768w, https:\/\/clubrichelieucornwall.ca\/wp-content\/uploads\/2025\/06\/Screenshot-2025-06-07-at-2.25.11\u202fPM-9x12.png 9w, https:\/\/clubrichelieucornwall.ca\/wp-content\/uploads\/2025\/06\/Screenshot-2025-06-07-at-2.25.11\u202fPM-480x641.png 480w, https:\/\/clubrichelieucornwall.ca\/wp-content\/uploads\/2025\/06\/Screenshot-2025-06-07-at-2.25.11\u202fPM.png 786w\" sizes=\"(max-width: 767px) 100vw, 767px\" \/><\/figure>\n<\/div>\n<\/div>","protected":false},"excerpt":{"rendered":"<p>Le Club Richelieu \u2013 Un Leader communautaire francophone Depuis 1948, le Club Richelieu de Cornwall s\u2019engage activement aupr\u00e8s des francophones de la r\u00e9gion. Fid\u00e8le \u00e0 sa devise Inspirer-Rassembler-Agir, il mobilise les citoyens et citoyennes, soutient des projets culturels et participe \u00e0 la p\u00e9rennit\u00e9 de l\u2019identit\u00e9 francophone. Au c\u0153ur de sa mission se trouve la valorisation [&hellip;]<\/p>\n","protected":false},"author":1,"featured_media":0,"parent":2083,"menu_order":0,"comment_status":"closed","ping_status":"closed","template":"","meta":{"_acf_changed":false,"_et_pb_use_builder":"","_et_pb_old_content":"","_et_gb_content_width":"","footnotes":""},"class_list":["post-647","page","type-page","status-publish","hentry"],"acf":[],"_links":{"self":[{"href":"https:\/\/clubrichelieucornwall.ca\/en\/wp-json\/wp\/v2\/pages\/647","targetHints":{"allow":["GET"]}}],"collection":[{"href":"https:\/\/clubrichelieucornwall.ca\/en\/wp-json\/wp\/v2\/pages"}],"about":[{"href":"https:\/\/clubrichelieucornwall.ca\/en\/wp-json\/wp\/v2\/types\/page"}],"author":[{"embeddable":true,"href":"https:\/\/clubrichelieucornwall.ca\/en\/wp-json\/wp\/v2\/users\/1"}],"replies":[{"embeddable":true,"href":"https:\/\/clubrichelieucornwall.ca\/en\/wp-json\/wp\/v2\/comments?post=647"}],"version-history":[{"count":13,"href":"https:\/\/clubrichelieucornwall.ca\/en\/wp-json\/wp\/v2\/pages\/647\/revisions"}],"predecessor-version":[{"id":2134,"href":"https:\/\/clubrichelieucornwall.ca\/en\/wp-json\/wp\/v2\/pages\/647\/revisions\/2134"}],"up":[{"embeddable":true,"href":"https:\/\/clubrichelieucornwall.ca\/en\/wp-json\/wp\/v2\/pages\/2083"}],"wp:attachment":[{"href":"https:\/\/clubrichelieucornwall.ca\/en\/wp-json\/wp\/v2\/media?parent=647"}],"curies":[{"name":"wp","href":"https:\/\/api.w.org\/{rel}","templated":true}]}}