{"id":637,"date":"2025-06-07T14:18:18","date_gmt":"2025-06-07T18:18:18","guid":{"rendered":"https:\/\/clubrichelieucornwall.ca\/?page_id=637"},"modified":"2026-02-05T14:50:27","modified_gmt":"2026-02-05T19:50:27","slug":"le-richelieu-investit-dans-la-main-doeuvre-de-demain","status":"publish","type":"page","link":"https:\/\/clubrichelieucornwall.ca\/en\/nos-actions\/le-richelieu-investit-dans-la-main-doeuvre-de-demain\/","title":{"rendered":"Richelieu Invests in Tomorrow\u2019s Workforce\u2028"},"content":{"rendered":"<p>The Club Richelieu Cornwall would like to thank the community leaders who organized a benefit hockey tournament in support of youth pursuing training in skilled trades and apprenticeship programs.<\/p>\n\n\n\n<p>A heartfelt thank-you to <strong><a href=\"https:\/\/www.rosaformwork.com\" data-type=\"link\" data-id=\"https:\/\/www.rosaformwork.com\" target=\"_blank\" rel=\"noreferrer noopener\">Rosa Formworks<\/a><\/strong>, <strong><a href=\"https:\/\/www.facebook.com\/CallCleanAll\/\" data-type=\"link\" data-id=\"https:\/\/www.cleanallenvironmental.ca\" target=\"_blank\" rel=\"noreferrer noopener\">Clean All Environmental<\/a><\/strong>, <strong><a href=\"https:\/\/www.dube-law.com\/\" data-type=\"link\" data-id=\"https:\/\/dubeavocats.com\/fr\/\" target=\"_blank\" rel=\"noreferrer noopener\">Dub\u00e9 Law<\/a><\/strong> and <strong><a href=\"https:\/\/rayjans.com\" data-type=\"link\" data-id=\"https:\/\/rayjans.com\" target=\"_blank\" rel=\"noreferrer noopener\">Ray-Jans Doors and Windows<\/a><\/strong> for their commitment and generous support.<\/p>\n\n\n\n<div style=\"height:26px\" aria-hidden=\"true\" class=\"wp-block-spacer\"><\/div>\n\n\n\n<div class=\"wp-block-columns is-layout-flex wp-container-core-columns-is-layout-9d6595d7 wp-block-columns-is-layout-flex\">\n<div class=\"wp-block-column is-layout-flow wp-block-column-is-layout-flow\">\n<figure class=\"wp-block-image size-full\"><img loading=\"lazy\" decoding=\"async\" width=\"618\" height=\"456\" src=\"https:\/\/clubrichelieucornwall.ca\/\/wp-content\/uploads\/2025\/06\/Screenshot-2025-06-07-at-2.17.30\u202fPM.png\" alt=\"\" class=\"wp-image-638\" srcset=\"https:\/\/clubrichelieucornwall.ca\/wp-content\/uploads\/2025\/06\/Screenshot-2025-06-07-at-2.17.30\u202fPM.png 618w, https:\/\/clubrichelieucornwall.ca\/wp-content\/uploads\/2025\/06\/Screenshot-2025-06-07-at-2.17.30\u202fPM-300x221.png 300w, https:\/\/clubrichelieucornwall.ca\/wp-content\/uploads\/2025\/06\/Screenshot-2025-06-07-at-2.17.30\u202fPM-16x12.png 16w, https:\/\/clubrichelieucornwall.ca\/wp-content\/uploads\/2025\/06\/Screenshot-2025-06-07-at-2.17.30\u202fPM-480x354.png 480w\" sizes=\"(max-width: 618px) 100vw, 618px\" \/><\/figure>\n<\/div>\n\n\n\n<div class=\"wp-block-column is-layout-flow wp-block-column-is-layout-flow\">\n<figure class=\"wp-block-image size-full\"><img loading=\"lazy\" decoding=\"async\" width=\"614\" height=\"452\" src=\"https:\/\/clubrichelieucornwall.ca\/\/wp-content\/uploads\/2025\/06\/Screenshot-2025-06-07-at-2.17.39\u202fPM.png\" alt=\"\" class=\"wp-image-639\" srcset=\"https:\/\/clubrichelieucornwall.ca\/wp-content\/uploads\/2025\/06\/Screenshot-2025-06-07-at-2.17.39\u202fPM.png 614w, https:\/\/clubrichelieucornwall.ca\/wp-content\/uploads\/2025\/06\/Screenshot-2025-06-07-at-2.17.39\u202fPM-300x221.png 300w, https:\/\/clubrichelieucornwall.ca\/wp-content\/uploads\/2025\/06\/Screenshot-2025-06-07-at-2.17.39\u202fPM-16x12.png 16w, https:\/\/clubrichelieucornwall.ca\/wp-content\/uploads\/2025\/06\/Screenshot-2025-06-07-at-2.17.39\u202fPM-480x353.png 480w\" sizes=\"(max-width: 614px) 100vw, 614px\" \/><\/figure>\n<\/div>\n<\/div>\n\n\n\n<div class=\"wp-block-columns is-layout-flex wp-container-core-columns-is-layout-9d6595d7 wp-block-columns-is-layout-flex\">\n<div class=\"wp-block-column is-layout-flow wp-block-column-is-layout-flow\">\n<figure class=\"wp-block-image size-full\"><img loading=\"lazy\" decoding=\"async\" width=\"616\" height=\"492\" src=\"https:\/\/clubrichelieucornwall.ca\/\/wp-content\/uploads\/2025\/06\/Screenshot-2025-06-07-at-2.18.32\u202fPM.png\" alt=\"\" class=\"wp-image-641\" srcset=\"https:\/\/clubrichelieucornwall.ca\/wp-content\/uploads\/2025\/06\/Screenshot-2025-06-07-at-2.18.32\u202fPM.png 616w, https:\/\/clubrichelieucornwall.ca\/wp-content\/uploads\/2025\/06\/Screenshot-2025-06-07-at-2.18.32\u202fPM-300x240.png 300w, https:\/\/clubrichelieucornwall.ca\/wp-content\/uploads\/2025\/06\/Screenshot-2025-06-07-at-2.18.32\u202fPM-15x12.png 15w, https:\/\/clubrichelieucornwall.ca\/wp-content\/uploads\/2025\/06\/Screenshot-2025-06-07-at-2.18.32\u202fPM-480x383.png 480w\" sizes=\"(max-width: 616px) 100vw, 616px\" \/><\/figure>\n<\/div>\n\n\n\n<div class=\"wp-block-column is-layout-flow wp-block-column-is-layout-flow\">\n<figure class=\"wp-block-image size-full\"><img loading=\"lazy\" decoding=\"async\" width=\"668\" height=\"472\" src=\"https:\/\/clubrichelieucornwall.ca\/\/wp-content\/uploads\/2025\/06\/Screenshot-2025-06-07-at-2.18.47\u202fPM.png\" alt=\"\" class=\"wp-image-642\" srcset=\"https:\/\/clubrichelieucornwall.ca\/wp-content\/uploads\/2025\/06\/Screenshot-2025-06-07-at-2.18.47\u202fPM.png 668w, https:\/\/clubrichelieucornwall.ca\/wp-content\/uploads\/2025\/06\/Screenshot-2025-06-07-at-2.18.47\u202fPM-300x212.png 300w, https:\/\/clubrichelieucornwall.ca\/wp-content\/uploads\/2025\/06\/Screenshot-2025-06-07-at-2.18.47\u202fPM-18x12.png 18w, https:\/\/clubrichelieucornwall.ca\/wp-content\/uploads\/2025\/06\/Screenshot-2025-06-07-at-2.18.47\u202fPM-400x284.png 400w, https:\/\/clubrichelieucornwall.ca\/wp-content\/uploads\/2025\/06\/Screenshot-2025-06-07-at-2.18.47\u202fPM-480x339.png 480w\" sizes=\"(max-width: 668px) 100vw, 668px\" \/><\/figure>\n<\/div>\n<\/div>\n\n\n\n<div class=\"wp-block-columns is-layout-flex wp-container-core-columns-is-layout-9d6595d7 wp-block-columns-is-layout-flex\">\n<div class=\"wp-block-column is-layout-flow wp-block-column-is-layout-flow\">\n<figure class=\"wp-block-image size-full\"><img loading=\"lazy\" decoding=\"async\" width=\"606\" height=\"374\" src=\"https:\/\/clubrichelieucornwall.ca\/\/wp-content\/uploads\/2025\/06\/Screenshot-2025-06-07-at-2.18.55\u202fPM.png\" alt=\"\" class=\"wp-image-643\" srcset=\"https:\/\/clubrichelieucornwall.ca\/wp-content\/uploads\/2025\/06\/Screenshot-2025-06-07-at-2.18.55\u202fPM.png 606w, https:\/\/clubrichelieucornwall.ca\/wp-content\/uploads\/2025\/06\/Screenshot-2025-06-07-at-2.18.55\u202fPM-300x185.png 300w, https:\/\/clubrichelieucornwall.ca\/wp-content\/uploads\/2025\/06\/Screenshot-2025-06-07-at-2.18.55\u202fPM-18x12.png 18w, https:\/\/clubrichelieucornwall.ca\/wp-content\/uploads\/2025\/06\/Screenshot-2025-06-07-at-2.18.55\u202fPM-480x296.png 480w\" sizes=\"(max-width: 606px) 100vw, 606px\" \/><\/figure>\n<\/div>\n\n\n\n<div class=\"wp-block-column is-layout-flow wp-block-column-is-layout-flow\">\n<figure class=\"wp-block-image size-full\"><img loading=\"lazy\" decoding=\"async\" width=\"614\" height=\"378\" src=\"https:\/\/clubrichelieucornwall.ca\/\/wp-content\/uploads\/2025\/06\/Screenshot-2025-06-07-at-2.19.04\u202fPM.png\" alt=\"\" class=\"wp-image-644\" srcset=\"https:\/\/clubrichelieucornwall.ca\/wp-content\/uploads\/2025\/06\/Screenshot-2025-06-07-at-2.19.04\u202fPM.png 614w, https:\/\/clubrichelieucornwall.ca\/wp-content\/uploads\/2025\/06\/Screenshot-2025-06-07-at-2.19.04\u202fPM-300x185.png 300w, https:\/\/clubrichelieucornwall.ca\/wp-content\/uploads\/2025\/06\/Screenshot-2025-06-07-at-2.19.04\u202fPM-18x12.png 18w, https:\/\/clubrichelieucornwall.ca\/wp-content\/uploads\/2025\/06\/Screenshot-2025-06-07-at-2.19.04\u202fPM-480x296.png 480w\" sizes=\"(max-width: 614px) 100vw, 614px\" \/><\/figure>\n<\/div>\n<\/div>\n\n\n\n<div class=\"wp-block-columns is-layout-flex wp-container-core-columns-is-layout-9d6595d7 wp-block-columns-is-layout-flex\">\n<div class=\"wp-block-column is-layout-flow wp-block-column-is-layout-flow\">\n<figure class=\"wp-block-image aligncenter size-full is-resized\"><a href=\"https:\/\/www.rosaformwork.com\" target=\"_blank\" rel=\" noreferrer noopener\"><img loading=\"lazy\" decoding=\"async\" width=\"500\" height=\"500\" src=\"https:\/\/clubrichelieucornwall.ca\/wp-content\/uploads\/2025\/09\/RFL_2021_Logo.png\" alt=\"\" class=\"wp-image-1078\" style=\"aspect-ratio:1;object-fit:cover;width:300px\" srcset=\"https:\/\/clubrichelieucornwall.ca\/wp-content\/uploads\/2025\/09\/RFL_2021_Logo.png 500w, https:\/\/clubrichelieucornwall.ca\/wp-content\/uploads\/2025\/09\/RFL_2021_Logo-480x480.png 480w\" sizes=\"(min-width: 0px) and (max-width: 480px) 480px, (min-width: 481px) 500px, 100vw\" \/><\/a><\/figure>\n<\/div>\n\n\n\n<div class=\"wp-block-column is-layout-flow wp-block-column-is-layout-flow\">\n<figure class=\"wp-block-image aligncenter size-full is-resized\"><a href=\"https:\/\/www.facebook.com\/CallCleanAll\/\" target=\"_blank\" rel=\" noreferrer noopener\"><img loading=\"lazy\" decoding=\"async\" width=\"500\" height=\"500\" src=\"https:\/\/clubrichelieucornwall.ca\/wp-content\/uploads\/2025\/09\/Clean_All_Logo.jpg\" alt=\"\" class=\"wp-image-1124\" style=\"aspect-ratio:1;object-fit:cover;width:300px\" srcset=\"https:\/\/clubrichelieucornwall.ca\/wp-content\/uploads\/2025\/09\/Clean_All_Logo.jpg 500w, https:\/\/clubrichelieucornwall.ca\/wp-content\/uploads\/2025\/09\/Clean_All_Logo-480x480.jpg 480w\" sizes=\"(min-width: 0px) and (max-width: 480px) 480px, (min-width: 481px) 500px, 100vw\" \/><\/a><\/figure>\n<\/div>\n\n\n\n<div class=\"wp-block-column is-layout-flow wp-block-column-is-layout-flow\">\n<figure class=\"wp-block-image aligncenter size-full is-resized\"><img loading=\"lazy\" decoding=\"async\" width=\"500\" height=\"500\" src=\"https:\/\/clubrichelieucornwall.ca\/wp-content\/uploads\/2025\/12\/RJWD-Logo.png\" alt=\"\" class=\"wp-image-1383\" style=\"aspect-ratio:1;object-fit:cover;width:300px\" srcset=\"https:\/\/clubrichelieucornwall.ca\/wp-content\/uploads\/2025\/12\/RJWD-Logo.png 500w, https:\/\/clubrichelieucornwall.ca\/wp-content\/uploads\/2025\/12\/RJWD-Logo-480x480.png 480w\" sizes=\"(min-width: 0px) and (max-width: 480px) 480px, (min-width: 481px) 500px, 100vw\" \/><\/figure>\n<\/div>\n\n\n\n<div class=\"wp-block-column is-layout-flow wp-block-column-is-layout-flow\">\n<figure class=\"wp-block-image aligncenter size-full\"><img loading=\"lazy\" decoding=\"async\" width=\"500\" height=\"500\" src=\"https:\/\/clubrichelieucornwall.ca\/wp-content\/uploads\/2025\/09\/DubeLaw.png\" alt=\"\" class=\"wp-image-1816\" srcset=\"https:\/\/clubrichelieucornwall.ca\/wp-content\/uploads\/2025\/09\/DubeLaw.png 500w, https:\/\/clubrichelieucornwall.ca\/wp-content\/uploads\/2025\/09\/DubeLaw-480x480.png 480w\" sizes=\"(min-width: 0px) and (max-width: 480px) 480px, (min-width: 481px) 500px, 100vw\" \/><\/figure>\n<\/div>\n<\/div>","protected":false},"excerpt":{"rendered":"<p>Le Club Richelieu tient \u00e0 remercier les leaders communautaires qui ont organis\u00e9 un tournoi de hockey-b\u00e9n\u00e9fice au profit des jeunes poursuivant une formation dans les m\u00e9tiers d\u2019apprentissage. Un grand merci \u00e0 Rosa Formworks, Clean All Environmental, Dub\u00e9 Law et Ray-Jans Portes et Fen\u00eatres pour leur engagement et leur g\u00e9n\u00e9reux soutien.<\/p>","protected":false},"author":1,"featured_media":0,"parent":2083,"menu_order":0,"comment_status":"closed","ping_status":"closed","template":"","meta":{"_acf_changed":false,"_et_pb_use_builder":"","_et_pb_old_content":"","_et_gb_content_width":"","footnotes":""},"class_list":["post-637","page","type-page","status-publish","hentry"],"acf":[],"_links":{"self":[{"href":"https:\/\/clubrichelieucornwall.ca\/en\/wp-json\/wp\/v2\/pages\/637","targetHints":{"allow":["GET"]}}],"collection":[{"href":"https:\/\/clubrichelieucornwall.ca\/en\/wp-json\/wp\/v2\/pages"}],"about":[{"href":"https:\/\/clubrichelieucornwall.ca\/en\/wp-json\/wp\/v2\/types\/page"}],"author":[{"embeddable":true,"href":"https:\/\/clubrichelieucornwall.ca\/en\/wp-json\/wp\/v2\/users\/1"}],"replies":[{"embeddable":true,"href":"https:\/\/clubrichelieucornwall.ca\/en\/wp-json\/wp\/v2\/comments?post=637"}],"version-history":[{"count":15,"href":"https:\/\/clubrichelieucornwall.ca\/en\/wp-json\/wp\/v2\/pages\/637\/revisions"}],"predecessor-version":[{"id":1836,"href":"https:\/\/clubrichelieucornwall.ca\/en\/wp-json\/wp\/v2\/pages\/637\/revisions\/1836"}],"up":[{"embeddable":true,"href":"https:\/\/clubrichelieucornwall.ca\/en\/wp-json\/wp\/v2\/pages\/2083"}],"wp:attachment":[{"href":"https:\/\/clubrichelieucornwall.ca\/en\/wp-json\/wp\/v2\/media?parent=637"}],"curies":[{"name":"wp","href":"https:\/\/api.w.org\/{rel}","templated":true}]}}