{"id":598,"date":"2025-06-07T11:30:40","date_gmt":"2025-06-07T15:30:40","guid":{"rendered":"https:\/\/clubrichelieucornwall.ca\/?page_id=598"},"modified":"2026-03-04T12:11:45","modified_gmt":"2026-03-04T17:11:45","slug":"mot-de-la-presidence","status":"publish","type":"page","link":"https:\/\/clubrichelieucornwall.ca\/en\/a-propos\/mot-de-la-presidence\/","title":{"rendered":"Message from the President"},"content":{"rendered":"<h3 class=\"wp-block-heading\">INVESTING IN OUR MOST PRECIOUS RESOURCE<\/h3>\n\n\n\n<div style=\"height:25px\" aria-hidden=\"true\" class=\"wp-block-spacer\"><\/div>\n\n\n\n<div class=\"wp-block-columns is-layout-flex wp-container-core-columns-is-layout-9d6595d7 wp-block-columns-is-layout-flex\">\n<div class=\"wp-block-column is-layout-flow wp-block-column-is-layout-flow\" style=\"flex-basis:33.33%\">\n<figure class=\"wp-block-image\"><img loading=\"lazy\" decoding=\"async\" width=\"390\" height=\"528\" src=\"https:\/\/clubrichelieucornwall.ca\/wp-content\/uploads\/2025\/06\/Screenshot-2025-06-07-at-11.27.35\u202fAM.png\" alt=\"\" class=\"wp-image-599\" srcset=\"https:\/\/clubrichelieucornwall.ca\/wp-content\/uploads\/2025\/06\/Screenshot-2025-06-07-at-11.27.35\u202fAM.png 390w, https:\/\/clubrichelieucornwall.ca\/wp-content\/uploads\/2025\/06\/Screenshot-2025-06-07-at-11.27.35\u202fAM-222x300.png 222w, https:\/\/clubrichelieucornwall.ca\/wp-content\/uploads\/2025\/06\/Screenshot-2025-06-07-at-11.27.35\u202fAM-9x12.png 9w\" sizes=\"(max-width: 390px) 100vw, 390px\" \/><\/figure>\n<\/div>\n\n\n\n<div class=\"wp-block-column is-layout-flow wp-block-column-is-layout-flow\" style=\"flex-basis:66.66%\">\n<p>Le Club Richelieu est un espace de fraternit\u00e9 et de croissance personnelle qui r\u00e9unit et mobilise des femmes et des hommes francophones passionn\u00e9ment consacr\u00e9s au bien-\u00eatre des jeunes d\u2019ici. Ensemble, nous offrons un leadership d\u2019impact o\u00f9 nos actions visent des changements durables dans leur vie et leur avenir.<\/p>\n\n\n\n<p>In solidarity with our community partners, we support initiatives that foster the development of children and adolescents, particularly those striving to overcome difficult challenges.<\/p>\n\n\n\n<p>Our goal is simple\u2014to inspire and equip the next generation. We believe it is essential to share a positive message that builds their confidence, values their career choices, and nurtures their faith in a better world.<\/p>\n\n\n\n<p>A heartfelt thank you to our donors who share our commitment and generously contribute to our initiatives.\u2028Please know that your support is an investment in the youth of our community.<\/p>\n\n\n\n<p><strong>Dr.<sub><sup>r<\/sup><\/sub> Michel Dubuc, pr\u00e9sident<\/strong><br><em>President\u2028, Club Richelieu Cornwall<\/em><\/p>\n\n\n\n<figure class=\"wp-block-image size-large is-style-default\"><img loading=\"lazy\" decoding=\"async\" width=\"1024\" height=\"404\" src=\"https:\/\/clubrichelieucornwall.ca\/wp-content\/uploads\/2025\/12\/wooden-gavel-1024x404.png\" alt=\"\" class=\"wp-image-1498\" srcset=\"https:\/\/clubrichelieucornwall.ca\/wp-content\/uploads\/2025\/12\/wooden-gavel-980x386.png 980w, https:\/\/clubrichelieucornwall.ca\/wp-content\/uploads\/2025\/12\/wooden-gavel-480x189.png 480w\" sizes=\"(min-width: 0px) and (max-width: 480px) 480px, (min-width: 481px) and (max-width: 980px) 980px, (min-width: 981px) 1024px, 100vw\" \/><\/figure>\n<\/div>\n<\/div>\n\n\n\n<p><br><\/p>","protected":false},"excerpt":{"rendered":"<p>INVESTISSONS DANS NOTRE RESSOURCE LA PLUS PR\u00c9CIEUSE Le Club Richelieu est un espace de fraternit\u00e9 et de croissance personnelle qui r\u00e9unit et mobilise des femmes et des hommes francophones passionn\u00e9ment consacr\u00e9s au bien-\u00eatre des jeunes d\u2019ici. Ensemble, nous offrons un leadership d\u2019impact o\u00f9 nos actions visent des changements durables dans leur vie et leur avenir. [&hellip;]<\/p>\n","protected":false},"author":1,"featured_media":0,"parent":2081,"menu_order":0,"comment_status":"closed","ping_status":"closed","template":"","meta":{"_acf_changed":false,"_et_pb_use_builder":"","_et_pb_old_content":"","_et_gb_content_width":"","footnotes":""},"class_list":["post-598","page","type-page","status-publish","hentry"],"acf":[],"_links":{"self":[{"href":"https:\/\/clubrichelieucornwall.ca\/en\/wp-json\/wp\/v2\/pages\/598","targetHints":{"allow":["GET"]}}],"collection":[{"href":"https:\/\/clubrichelieucornwall.ca\/en\/wp-json\/wp\/v2\/pages"}],"about":[{"href":"https:\/\/clubrichelieucornwall.ca\/en\/wp-json\/wp\/v2\/types\/page"}],"author":[{"embeddable":true,"href":"https:\/\/clubrichelieucornwall.ca\/en\/wp-json\/wp\/v2\/users\/1"}],"replies":[{"embeddable":true,"href":"https:\/\/clubrichelieucornwall.ca\/en\/wp-json\/wp\/v2\/comments?post=598"}],"version-history":[{"count":11,"href":"https:\/\/clubrichelieucornwall.ca\/en\/wp-json\/wp\/v2\/pages\/598\/revisions"}],"predecessor-version":[{"id":2125,"href":"https:\/\/clubrichelieucornwall.ca\/en\/wp-json\/wp\/v2\/pages\/598\/revisions\/2125"}],"up":[{"embeddable":true,"href":"https:\/\/clubrichelieucornwall.ca\/en\/wp-json\/wp\/v2\/pages\/2081"}],"wp:attachment":[{"href":"https:\/\/clubrichelieucornwall.ca\/en\/wp-json\/wp\/v2\/media?parent=598"}],"curies":[{"name":"wp","href":"https:\/\/api.w.org\/{rel}","templated":true}]}}