{"id":33,"date":"2025-01-18T12:00:22","date_gmt":"2025-01-18T17:00:22","guid":{"rendered":"https:\/\/clubrichelieucornwall.ca\/get-involved\/"},"modified":"2026-03-04T12:19:54","modified_gmt":"2026-03-04T17:19:54","slug":"faire-un-don","status":"publish","type":"page","link":"https:\/\/clubrichelieucornwall.ca\/en\/faire-un-don\/","title":{"rendered":"Donate"},"content":{"rendered":"<h2 class=\"wp-block-heading\"><strong><strong>Want to make a real difference in a child\u2019s life?<\/strong><\/strong><\/h2>\n\n\n\n<div class=\"wp-block-media-text has-media-on-the-right is-stacked-on-mobile is-vertically-aligned-center\" style=\"grid-template-columns:auto 25%\"><div class=\"wp-block-media-text__content\">\n<p>Thanks to your generosity, the Club Richelieu of Cornwall supports local organizations that are changing the lives of young people in our community. Be part of the movement! Every donation\u2014no matter the amount\u2014helps build a brighter future.<\/p>\n\n\n\n<p>\u00a0The launch of the Club Richelieu Cornwall\u2019s <strong>la campagne annuelle de financement du Club Richelieu Cornwall<\/strong> pour l\u2019ann\u00e9e 2026 aura lieu sur notre page Facebook tr\u00e8s bient\u00f4t.<\/p>\n\n\n\n<p>\u00a0Merci d\u2019ouvrir votre c\u0153ur et votre portefeuille aux enfants qui r\u00eavent d\u2019une meilleure vie.<\/p>\n<\/div><figure class=\"wp-block-media-text__media\"><img loading=\"lazy\" decoding=\"async\" width=\"360\" height=\"540\" src=\"https:\/\/clubrichelieucornwall.ca\/wp-content\/uploads\/2026\/02\/Finger.png\" alt=\"\" class=\"wp-image-1967 size-full\" srcset=\"https:\/\/clubrichelieucornwall.ca\/wp-content\/uploads\/2026\/02\/Finger.png 360w, https:\/\/clubrichelieucornwall.ca\/wp-content\/uploads\/2026\/02\/Finger-200x300.png 200w, https:\/\/clubrichelieucornwall.ca\/wp-content\/uploads\/2026\/02\/Finger-8x12.png 8w\" sizes=\"(max-width: 360px) 100vw, 360px\" \/><\/figure><\/div>\n\n\n\n<div class=\"wp-block-columns is-layout-flex wp-container-core-columns-is-layout-9d6595d7 wp-block-columns-is-layout-flex\">\n<div class=\"wp-block-column is-layout-flow wp-block-column-is-layout-flow\" style=\"flex-basis:100%\">\n<p>&nbsp;<\/p>\n<\/div>\n<\/div>","protected":false},"excerpt":{"rendered":"<p>Envie d\u2019avoir un impact concret dans la vie d\u2019un enfant? Gr\u00e2ce \u00e0 votre g\u00e9n\u00e9rosit\u00e9, le Club Richelieu de Cornwall soutient des organismes locaux qui changent la vie des jeunes de chez nous. Faites partie du mouvement ! Chaque don, peu importe le montant, contribue \u00e0 b\u00e2tir un avenir meilleur. \u00a0Le lancement de la campagne annuelle [&hellip;]<\/p>\n","protected":false},"author":1,"featured_media":1969,"parent":0,"menu_order":0,"comment_status":"closed","ping_status":"closed","template":"","meta":{"_acf_changed":false,"_et_pb_use_builder":"","_et_pb_old_content":"","_et_gb_content_width":"","footnotes":""},"class_list":["post-33","page","type-page","status-publish","has-post-thumbnail","hentry"],"acf":[],"_links":{"self":[{"href":"https:\/\/clubrichelieucornwall.ca\/en\/wp-json\/wp\/v2\/pages\/33","targetHints":{"allow":["GET"]}}],"collection":[{"href":"https:\/\/clubrichelieucornwall.ca\/en\/wp-json\/wp\/v2\/pages"}],"about":[{"href":"https:\/\/clubrichelieucornwall.ca\/en\/wp-json\/wp\/v2\/types\/page"}],"author":[{"embeddable":true,"href":"https:\/\/clubrichelieucornwall.ca\/en\/wp-json\/wp\/v2\/users\/1"}],"replies":[{"embeddable":true,"href":"https:\/\/clubrichelieucornwall.ca\/en\/wp-json\/wp\/v2\/comments?post=33"}],"version-history":[{"count":25,"href":"https:\/\/clubrichelieucornwall.ca\/en\/wp-json\/wp\/v2\/pages\/33\/revisions"}],"predecessor-version":[{"id":2131,"href":"https:\/\/clubrichelieucornwall.ca\/en\/wp-json\/wp\/v2\/pages\/33\/revisions\/2131"}],"wp:featuredmedia":[{"embeddable":true,"href":"https:\/\/clubrichelieucornwall.ca\/en\/wp-json\/wp\/v2\/media\/1969"}],"wp:attachment":[{"href":"https:\/\/clubrichelieucornwall.ca\/en\/wp-json\/wp\/v2\/media?parent=33"}],"curies":[{"name":"wp","href":"https:\/\/api.w.org\/{rel}","templated":true}]}}