{"id":29,"date":"2025-01-18T12:00:22","date_gmt":"2025-01-18T17:00:22","guid":{"rendered":"https:\/\/clubrichelieucornwall.ca\/supporters\/"},"modified":"2026-02-05T14:50:15","modified_gmt":"2026-02-05T19:50:15","slug":"bienfaiteur-et-organizations-qui-nous-soutenons","status":"publish","type":"page","link":"https:\/\/clubrichelieucornwall.ca\/en\/nos-actions\/bienfaiteur-et-organizations-qui-nous-soutenons\/","title":{"rendered":"Our Beneficiaries\u2028"},"content":{"rendered":"<h2 class=\"wp-block-heading\"><strong>INSPIRE \u2013 UNITE \u2013 ACT<\/strong><\/h2>\n\n\n\n<h4 class=\"wp-block-heading\">\u201cThe soul of a community is revealed in the care it gives to its children, especially the most vulnerable.\u201d<\/h4>\n\n\n\n<p>The members of the Club Richelieu Cornwall are committed to creating a positive impact on the lives and future of children\u2014particularly those facing adversity such as food insecurity, poverty, neglect, abuse, and violence in all its forms. This is why we support community organizations that are dedicated to the health, well-being, and personal development of our youth.<\/p>\n\n\n\n<h3 class=\"wp-block-heading\"><strong>Beneficiary Organizations Supported by the Club Richelieu Cornwall<\/strong><\/h3>\n\n\n\n<ul class=\"wp-block-list\">\n<li><a href=\"https:\/\/koalaplace.ca\/\">Koala Place<\/a> \u2013 Young victims of violence<\/li>\n\n\n\n<li><a href=\"https:\/\/bereavedfamilies.net\/\" data-type=\"link\" data-id=\"https:\/\/bereavedfamilies.net\/\" target=\"_blank\" rel=\"noreferrer noopener\">Bereaved Families of Ontario<\/a> \u2013 Youth who have lost a loved one<\/li>\n\n\n\n<li><a href=\"https:\/\/www.childrenstreatmentcentre.ca\/\">Children\u2019s Treatment Centre<\/a> \u2013 Youth who are victims of sexual or physical abuse<\/li>\n\n\n\n<li><a href=\"https:\/\/agapecentre.ca\/\">Agap\u00e8 Centre<\/a> \u2013 Youth facing food insecurity and poverty<\/li>\n\n\n\n<li><a href=\"https:\/\/acfosdg.ca\/nouvelles\/friperie\/\" data-type=\"link\" data-id=\"https:\/\/acfosdg.ca\/nouvelles\/friperie\/\">La Friperie - ACFO<\/a> \u2013 Youth in vulnerable situations<\/li>\n\n\n\n<li><a href=\"https:\/\/www.cassdg.ca\/en\/\">SDG Children\u2019s Aid Society<\/a> \u2013 Youth with resilient life journeys<\/li>\n\n\n\n<li><a href=\"https:\/\/cornwallhospitalfoundation.ca\/\">Cornwall Community Hospital<\/a> \u2013 Youth receiving specialized paediatric care<\/li>\n\n\n\n<li><a href=\"https:\/\/eps-sdg.ca\/\">Bien Ici<\/a> \u2013 Youth facing complex challenges<\/li>\n<\/ul>\n\n\n\n<div class=\"wp-block-columns is-layout-flex wp-container-core-columns-is-layout-9d6595d7 wp-block-columns-is-layout-flex\">\n<div class=\"wp-block-column is-layout-flow wp-block-column-is-layout-flow\"><\/div>\n\n\n\n<div class=\"wp-block-column is-layout-flow wp-block-column-is-layout-flow\"><\/div>\n\n\n\n<div class=\"wp-block-column is-layout-flow wp-block-column-is-layout-flow\"><\/div>\n\n\n\n<div class=\"wp-block-column is-layout-flow wp-block-column-is-layout-flow\"><\/div>\n<\/div>","protected":false},"excerpt":{"rendered":"<p>INSPIRER \u2013 RASSEMBLER &#8211; AGIR \u00ab\u00a0L\u2019\u00e2me d\u2019une communaut\u00e9 se r\u00e9v\u00e8le dans l\u2019attention qu\u2019elle porte \u00e0 ses enfants, notamment les plus vuln\u00e9rables\u00a0\u00bb. Les membres du Club Richelieu de Cornwall sont engag\u00e9s \u00e0 cr\u00e9er un impact positif dans la vie et l\u2019avenir des enfants, notamment ceux qui vivent des exp\u00e9riences d\u2019adversit\u00e9 telles que l\u2019ins\u00e9curit\u00e9 alimentaire, la pauvret\u00e9, [&hellip;]<\/p>\n","protected":false},"author":1,"featured_media":1457,"parent":2083,"menu_order":0,"comment_status":"closed","ping_status":"closed","template":"","meta":{"_acf_changed":false,"_et_pb_use_builder":"","_et_pb_old_content":"","_et_gb_content_width":"","footnotes":""},"class_list":["post-29","page","type-page","status-publish","has-post-thumbnail","hentry"],"acf":[],"_links":{"self":[{"href":"https:\/\/clubrichelieucornwall.ca\/en\/wp-json\/wp\/v2\/pages\/29","targetHints":{"allow":["GET"]}}],"collection":[{"href":"https:\/\/clubrichelieucornwall.ca\/en\/wp-json\/wp\/v2\/pages"}],"about":[{"href":"https:\/\/clubrichelieucornwall.ca\/en\/wp-json\/wp\/v2\/types\/page"}],"author":[{"embeddable":true,"href":"https:\/\/clubrichelieucornwall.ca\/en\/wp-json\/wp\/v2\/users\/1"}],"replies":[{"embeddable":true,"href":"https:\/\/clubrichelieucornwall.ca\/en\/wp-json\/wp\/v2\/comments?post=29"}],"version-history":[{"count":18,"href":"https:\/\/clubrichelieucornwall.ca\/en\/wp-json\/wp\/v2\/pages\/29\/revisions"}],"predecessor-version":[{"id":1822,"href":"https:\/\/clubrichelieucornwall.ca\/en\/wp-json\/wp\/v2\/pages\/29\/revisions\/1822"}],"up":[{"embeddable":true,"href":"https:\/\/clubrichelieucornwall.ca\/en\/wp-json\/wp\/v2\/pages\/2083"}],"wp:featuredmedia":[{"embeddable":true,"href":"https:\/\/clubrichelieucornwall.ca\/en\/wp-json\/wp\/v2\/media\/1457"}],"wp:attachment":[{"href":"https:\/\/clubrichelieucornwall.ca\/en\/wp-json\/wp\/v2\/media?parent=29"}],"curies":[{"name":"wp","href":"https:\/\/api.w.org\/{rel}","templated":true}]}}