{"id":26,"date":"2025-01-18T12:00:22","date_gmt":"2025-01-18T17:00:22","guid":{"rendered":"https:\/\/clubrichelieucornwall.ca\/about\/history\/"},"modified":"2026-03-04T12:10:53","modified_gmt":"2026-03-04T17:10:53","slug":"il-etait-une-fois","status":"publish","type":"page","link":"https:\/\/clubrichelieucornwall.ca\/en\/a-propos\/il-etait-une-fois\/","title":{"rendered":"History"},"content":{"rendered":"<h2 class=\"wp-block-heading\">Petite histoire du Club Richelieu de Cornwall<\/h2>\n\n\n\n<h4 class=\"wp-block-heading\">We are committed to promoting our language and our culture with pride.<\/h4>\n\n\n\n<div class=\"wp-block-columns is-layout-flex wp-container-core-columns-is-layout-9d6595d7 wp-block-columns-is-layout-flex\">\n<div class=\"wp-block-column is-layout-flow wp-block-column-is-layout-flow\" style=\"flex-basis:100%\">\n<div class=\"wp-block-columns is-layout-flex wp-container-core-columns-is-layout-9d6595d7 wp-block-columns-is-layout-flex\">\n<div class=\"wp-block-column is-layout-flow wp-block-column-is-layout-flow\" style=\"flex-basis:100%\">\n<figure class=\"wp-block-image alignleft size-full is-resized is-style-default\"><img loading=\"lazy\" decoding=\"async\" width=\"235\" height=\"320\" src=\"https:\/\/clubrichelieucornwall.ca\/wp-content\/uploads\/2025\/12\/fred.jpeg\" alt=\"\" class=\"wp-image-1434\" style=\"width:300px\" srcset=\"https:\/\/clubrichelieucornwall.ca\/wp-content\/uploads\/2025\/12\/fred.jpeg 235w, https:\/\/clubrichelieucornwall.ca\/wp-content\/uploads\/2025\/12\/fred-220x300.jpeg 220w, https:\/\/clubrichelieucornwall.ca\/wp-content\/uploads\/2025\/12\/fred-9x12.jpeg 9w\" sizes=\"(max-width: 235px) 100vw, 235px\" \/><\/figure>\n\n\n\n<h3 class=\"wp-block-heading\"><strong>1948 : Naissance du premier Club francophone \u00e0 Cornwall<\/strong><\/h3>\n\n\n\n<p>\u00c0 Cornwall, le Club Richelieu a vu le jour en 1948 gr\u00e2ce \u00e0 la vision de quelques personnes d\u2019affaires. Parrain\u00e9 par le club Long-Sault de Hawkesbury. Alfred Lefebvre avec quatre de ses coll\u00e8gues, soit Edward Marleau, Omer L\u00e9ger, Nelson Laframboise et Laurier Courville, \u00e9tablissaient les assises du 23<sup>rd<\/sup> Club de la cha\u00eene le 11 octobre 1948.<\/p>\n\n\n\n<p>Les premi\u00e8res rencontres ont eu lieu \u00e0 l&rsquo;ancien H\u00f4tel Royal. C\u2019\u00e9tait non seulement le d\u00e9but d\u2019un rassemblement d\u2019hommes d\u2019affaires francophones, mais l\u2019arriv\u00e9e du premier club enti\u00e8rement d\u2019expression fran\u00e7aise \u00e0 Cornwall.\u00a0<\/p>\n<\/div>\n<\/div>\n<\/div>\n<\/div>\n\n\n\n<div class=\"wp-block-columns is-layout-flex wp-container-core-columns-is-layout-9d6595d7 wp-block-columns-is-layout-flex\">\n<div class=\"wp-block-column is-layout-flow wp-block-column-is-layout-flow\" style=\"flex-basis:100%\">\n<figure class=\"wp-block-image alignright size-full is-resized is-style-default\"><img loading=\"lazy\" decoding=\"async\" width=\"982\" height=\"1199\" src=\"https:\/\/clubrichelieucornwall.ca\/wp-content\/uploads\/2025\/12\/Duchesse_dAiguillon_1770-1818_by_Adelaide_Labille-Guiard.jpg\" alt=\"\" class=\"wp-image-1420\" style=\"aspect-ratio:1;object-fit:cover;width:300px\" srcset=\"https:\/\/clubrichelieucornwall.ca\/wp-content\/uploads\/2025\/12\/Duchesse_dAiguillon_1770-1818_by_Adelaide_Labille-Guiard.jpg 982w, https:\/\/clubrichelieucornwall.ca\/wp-content\/uploads\/2025\/12\/Duchesse_dAiguillon_1770-1818_by_Adelaide_Labille-Guiard-980x1197.jpg 980w, https:\/\/clubrichelieucornwall.ca\/wp-content\/uploads\/2025\/12\/Duchesse_dAiguillon_1770-1818_by_Adelaide_Labille-Guiard-480x586.jpg 480w\" sizes=\"(min-width: 0px) and (max-width: 480px) 480px, (min-width: 481px) and (max-width: 980px) 980px, (min-width: 981px) 982px, 100vw\" \/><figcaption class=\"wp-element-caption\">Duchesse d\u2019Aiguillon<\/figcaption><\/figure>\n\n\n\n<h3 class=\"wp-block-heading\"><strong>Le Club Richelieu doit son nom au courage d\u2019une grande dame<\/strong>.<\/h3>\n\n\n\n<p>&nbsp;The name Richelieu International traces its origins to La Maison Richelieu, the first charitable institution established in North America for the orphans of soldiers and settlers. At the request of Cardinal Richelieu, his niece, the Duchess of Aiguillon, founded this institution and committed to maintaining it with her own personal funds.&nbsp;<\/p>\n\n\n\n<p>In 1665, La Maison Richelieu became a hospital that would eventually be named the H\u00f4tel-Dieu de Qu\u00e9bec.<\/p>\n\n\n\n<p>The name Richelieu was therefore a most fitting choice for an organization whose mission is dedicated to helping children and youth. (RI)<\/p>\n\n\n\n<div class=\"wp-block-columns is-layout-flex wp-container-core-columns-is-layout-9d6595d7 wp-block-columns-is-layout-flex\">\n<div class=\"wp-block-column is-layout-flow wp-block-column-is-layout-flow\"><\/div>\n\n\n\n<div class=\"wp-block-column is-layout-flow wp-block-column-is-layout-flow\"><\/div>\n<\/div>\n<\/div>\n<\/div>\n\n\n\n<div class=\"wp-block-columns is-layout-flex wp-container-core-columns-is-layout-9d6595d7 wp-block-columns-is-layout-flex\">\n<div class=\"wp-block-column is-layout-flow wp-block-column-is-layout-flow\" style=\"flex-basis:100%\">\n<div class=\"wp-block-columns is-layout-flex wp-container-core-columns-is-layout-9d6595d7 wp-block-columns-is-layout-flex\">\n<div class=\"wp-block-column is-layout-flow wp-block-column-is-layout-flow\">\n<div class=\"wp-block-columns is-layout-flex wp-container-core-columns-is-layout-9d6595d7 wp-block-columns-is-layout-flex\">\n<div class=\"wp-block-column is-layout-flow wp-block-column-is-layout-flow\" style=\"flex-basis:50%\">\n<figure class=\"wp-block-image size-full\"><img loading=\"lazy\" decoding=\"async\" width=\"1142\" height=\"706\" src=\"https:\/\/clubrichelieucornwall.ca\/wp-content\/uploads\/2025\/12\/logo-richelieu-2014-r.jpg\" alt=\"\" class=\"wp-image-1473\" srcset=\"https:\/\/clubrichelieucornwall.ca\/wp-content\/uploads\/2025\/12\/logo-richelieu-2014-r.jpg 1142w, https:\/\/clubrichelieucornwall.ca\/wp-content\/uploads\/2025\/12\/logo-richelieu-2014-r-980x606.jpg 980w, https:\/\/clubrichelieucornwall.ca\/wp-content\/uploads\/2025\/12\/logo-richelieu-2014-r-480x297.jpg 480w\" sizes=\"(min-width: 0px) and (max-width: 480px) 480px, (min-width: 481px) and (max-width: 980px) 980px, (min-width: 981px) 1142px, 100vw\" \/><\/figure>\n<\/div>\n\n\n\n<div class=\"wp-block-column is-layout-flow wp-block-column-is-layout-flow\" style=\"flex-basis:50%\">\n<h3 class=\"wp-block-heading\"><strong>The Richelieu International Foundation<\/strong>l<\/h3>\n\n\n\n<p>Born from the desire and determination of <a href=\"https:\/\/richelieu.org\/\" data-type=\"link\" data-id=\"https:\/\/richelieu.org\/\" target=\"_blank\" rel=\"noreferrer noopener\">Richelieu International<\/a> de se doter de moyens plus efficaces pour venir en aide \u00e0 la jeunesse, la Fondation Richelieu-International fut cr\u00e9\u00e9e le 30\u00a0ao\u00fbt\u00a01977 \u00e0 Ottawa. Sa cr\u00e9ation marquait l\u2019aboutissement de plus de dix ans de r\u00e9flexions et de discussions en comit\u00e9s et en assembl\u00e9es g\u00e9n\u00e9rales du Richelieu International \u00e0 la suite du projet soumis par le Club Richelieu\u00a0Trois-Rivi\u00e8res en\u00a01966. La devise choisie pour la Fondation est <em>\u00ab\u00a0S\u2019unir pour aider\u00a0<\/em>\u201d<\/p>\n<\/div>\n<\/div>\n<\/div>\n<\/div>\n<\/div>\n<\/div>","protected":false},"excerpt":{"rendered":"<p>Petite histoire du Club Richelieu de Cornwall Nous veillerons \u00e0 la promotion de notre langue et de notre culture avec fiert\u00e9. 1948 : Naissance du premier Club francophone \u00e0 Cornwall \u00c0 Cornwall, le Club Richelieu a vu le jour en 1948 gr\u00e2ce \u00e0 la vision de quelques personnes d\u2019affaires. Parrain\u00e9 par le club Long-Sault de [&hellip;]<\/p>\n","protected":false},"author":1,"featured_media":0,"parent":2081,"menu_order":0,"comment_status":"closed","ping_status":"closed","template":"","meta":{"_acf_changed":false,"_et_pb_use_builder":"","_et_pb_old_content":"","_et_gb_content_width":"","footnotes":""},"class_list":["post-26","page","type-page","status-publish","hentry"],"acf":[],"_links":{"self":[{"href":"https:\/\/clubrichelieucornwall.ca\/en\/wp-json\/wp\/v2\/pages\/26","targetHints":{"allow":["GET"]}}],"collection":[{"href":"https:\/\/clubrichelieucornwall.ca\/en\/wp-json\/wp\/v2\/pages"}],"about":[{"href":"https:\/\/clubrichelieucornwall.ca\/en\/wp-json\/wp\/v2\/types\/page"}],"author":[{"embeddable":true,"href":"https:\/\/clubrichelieucornwall.ca\/en\/wp-json\/wp\/v2\/users\/1"}],"replies":[{"embeddable":true,"href":"https:\/\/clubrichelieucornwall.ca\/en\/wp-json\/wp\/v2\/comments?post=26"}],"version-history":[{"count":22,"href":"https:\/\/clubrichelieucornwall.ca\/en\/wp-json\/wp\/v2\/pages\/26\/revisions"}],"predecessor-version":[{"id":2123,"href":"https:\/\/clubrichelieucornwall.ca\/en\/wp-json\/wp\/v2\/pages\/26\/revisions\/2123"}],"up":[{"embeddable":true,"href":"https:\/\/clubrichelieucornwall.ca\/en\/wp-json\/wp\/v2\/pages\/2081"}],"wp:attachment":[{"href":"https:\/\/clubrichelieucornwall.ca\/en\/wp-json\/wp\/v2\/media?parent=26"}],"curies":[{"name":"wp","href":"https:\/\/api.w.org\/{rel}","templated":true}]}}