{"id":25,"date":"2025-01-18T12:00:22","date_gmt":"2025-01-18T17:00:22","guid":{"rendered":"https:\/\/clubrichelieucornwall.ca\/about\/board-members\/"},"modified":"2026-02-05T14:49:24","modified_gmt":"2026-02-05T19:49:24","slug":"membres-du-club","status":"publish","type":"page","link":"https:\/\/clubrichelieucornwall.ca\/en\/a-propos\/membres-du-club\/","title":{"rendered":"Members of Club Richelieu Cornwall"},"content":{"rendered":"<figure class=\"wp-block-table\"><table class=\"has-fixed-layout\"><tbody><tr><td class=\"has-text-align-center\" data-align=\"center\">Michel B\u00e9lair<br>Roger Bouchard<br>R\u00e9jean Cheffer<br>Denise Dub\u00e9<br>F\u00e9lix Dubuc<br>Fr\u00e9d\u00e9ric Dubuc<br>Michel Dubuc<br>Alain Filion<\/td><td class=\"has-text-align-center\" data-align=\"center\">Luc Guindon<br>Raymond Houde<br>Louise Lapens\u00e9e<br>Ga\u00ebtan Lalonde<br>Pierre Landry<br>G\u00e9rald Lefebvre<br>Basile Marchand<br>Yves Marleau<\/td><td class=\"has-text-align-center\" data-align=\"center\">Pierre Morin<br>Diane Pilon<br>Michel Pilon<br>Luc Quesnel<br>Bernard Rozon<br>Richard Rozon<br>Alain Vachon<br>Donald White<\/td><\/tr><\/tbody><\/table><\/figure>","protected":false},"excerpt":{"rendered":"<p>Michel B\u00e9lairRoger BouchardR\u00e9jean ChefferDenise Dub\u00e9F\u00e9lix DubucFr\u00e9d\u00e9ric DubucMichel DubucAlain Filion Luc GuindonRaymond HoudeLouise Lapens\u00e9eGa\u00ebtan LalondePierre LandryG\u00e9rald LefebvreBasile MarchandYves Marleau Pierre MorinDiane PilonMichel PilonLuc QuesnelBernard RozonRichard RozonAlain VachonDonald White<\/p>","protected":false},"author":1,"featured_media":1453,"parent":2081,"menu_order":0,"comment_status":"closed","ping_status":"closed","template":"","meta":{"_acf_changed":false,"_et_pb_use_builder":"","_et_pb_old_content":"","_et_gb_content_width":"","footnotes":""},"class_list":["post-25","page","type-page","status-publish","has-post-thumbnail","hentry"],"acf":[],"_links":{"self":[{"href":"https:\/\/clubrichelieucornwall.ca\/en\/wp-json\/wp\/v2\/pages\/25","targetHints":{"allow":["GET"]}}],"collection":[{"href":"https:\/\/clubrichelieucornwall.ca\/en\/wp-json\/wp\/v2\/pages"}],"about":[{"href":"https:\/\/clubrichelieucornwall.ca\/en\/wp-json\/wp\/v2\/types\/page"}],"author":[{"embeddable":true,"href":"https:\/\/clubrichelieucornwall.ca\/en\/wp-json\/wp\/v2\/users\/1"}],"replies":[{"embeddable":true,"href":"https:\/\/clubrichelieucornwall.ca\/en\/wp-json\/wp\/v2\/comments?post=25"}],"version-history":[{"count":9,"href":"https:\/\/clubrichelieucornwall.ca\/en\/wp-json\/wp\/v2\/pages\/25\/revisions"}],"predecessor-version":[{"id":1759,"href":"https:\/\/clubrichelieucornwall.ca\/en\/wp-json\/wp\/v2\/pages\/25\/revisions\/1759"}],"up":[{"embeddable":true,"href":"https:\/\/clubrichelieucornwall.ca\/en\/wp-json\/wp\/v2\/pages\/2081"}],"wp:featuredmedia":[{"embeddable":true,"href":"https:\/\/clubrichelieucornwall.ca\/en\/wp-json\/wp\/v2\/media\/1453"}],"wp:attachment":[{"href":"https:\/\/clubrichelieucornwall.ca\/en\/wp-json\/wp\/v2\/media?parent=25"}],"curies":[{"name":"wp","href":"https:\/\/api.w.org\/{rel}","templated":true}]}}