{"id":24,"date":"2025-01-18T12:00:22","date_gmt":"2025-01-18T17:00:22","guid":{"rendered":"https:\/\/clubrichelieucornwall.ca\/about\/"},"modified":"2026-03-04T12:14:36","modified_gmt":"2026-03-04T17:14:36","slug":"qui-nous-sommes","status":"publish","type":"page","link":"https:\/\/clubrichelieucornwall.ca\/en\/a-propos\/qui-nous-sommes\/","title":{"rendered":"Who We Are \u2013 Richelieu\u2028"},"content":{"rendered":"<div class=\"wp-block-columns is-layout-flex wp-container-core-columns-is-layout-9d6595d7 wp-block-columns-is-layout-flex\">\n<div class=\"wp-block-column is-layout-flow wp-block-column-is-layout-flow\" style=\"flex-basis:100%\">\n<figure class=\"wp-block-image alignleft size-full is-resized\"><img loading=\"lazy\" decoding=\"async\" width=\"428\" height=\"482\" src=\"https:\/\/clubrichelieucornwall.ca\/wp-content\/uploads\/2025\/06\/Screenshot-2025-06-07-at-1.45.33\u202fPM.png\" alt=\"\" class=\"wp-image-612\" style=\"width:161px;height:auto\" srcset=\"https:\/\/clubrichelieucornwall.ca\/wp-content\/uploads\/2025\/06\/Screenshot-2025-06-07-at-1.45.33\u202fPM.png 428w, https:\/\/clubrichelieucornwall.ca\/wp-content\/uploads\/2025\/06\/Screenshot-2025-06-07-at-1.45.33\u202fPM-266x300.png 266w, https:\/\/clubrichelieucornwall.ca\/wp-content\/uploads\/2025\/06\/Screenshot-2025-06-07-at-1.45.33\u202fPM-11x12.png 11w\" sizes=\"(max-width: 428px) 100vw, 428px\" \/><\/figure>\n\n\n\n<p>Proud heir to a rich tradition of excellence and commitment, le Club Richelieu de Cornwall is a dedicated and dynamic Francophone club that looks to the future with optimism and ambition.&nbsp;<\/p>\n\n\n\n<p>Driven by a strong sense of camaraderie and organizational vitality, it is a service club that pursues two primary objectives: the promotion of our cultural heritage and the encouragement of our youth\u2014the true engine of change in our society.<\/p>\n\n\n\n<p>Depuis la date de sa fondation, le 11 octobre 1948, le Club Richelieu de Cornwall a amass\u00e9 au-del\u00e0 d\u2019un million de dollars, somme qu\u2019il a vers\u00e9e au profit de nombreuses causes philanthropiques majoritairement li\u00e9es au bien-\u00eatre des enfants de chez nous.\u00a0<\/p>\n\n\n\n<p>Composed of French-speaking women and men who recognize the importance of the personal growth of all members, the Club Richelieu fosters personal development, friendship, and a joy for life.<\/p>\n\n\n\n<p>Like the many <em>Richelieu International<\/em> r\u00e9partis dans toute la Francophonie mondiale, le Club Richelieu est fort reconnaissant envers ses fid\u00e8les partenaires qui soutiennent g\u00e9n\u00e9reusement son oeuvre de bienfaisance communautaire.\u00a0<\/p>\n<\/div>\n<\/div>","protected":false},"excerpt":{"rendered":"<p>Fier h\u00e9ritier d\u2019une riche tradition d\u2019excellence et d\u2019engagement, le Club Richelieu de Cornwall est un club francophone d\u00e9vou\u00e9 et dynamique qui pose un regard optimiste et ambitieux sur l\u2019avenir.&nbsp; Dot\u00e9 d\u2019un esprit de corps et d\u2019une vitalit\u00e9 organisationnelle, il est un club de service qui poursuit deux buts principaux, soit la promotion de notre patrimoine [&hellip;]<\/p>\n","protected":false},"author":1,"featured_media":1410,"parent":2081,"menu_order":0,"comment_status":"closed","ping_status":"closed","template":"","meta":{"_acf_changed":false,"_et_pb_use_builder":"","_et_pb_old_content":"","_et_gb_content_width":"","footnotes":""},"class_list":["post-24","page","type-page","status-publish","has-post-thumbnail","hentry"],"acf":[],"_links":{"self":[{"href":"https:\/\/clubrichelieucornwall.ca\/en\/wp-json\/wp\/v2\/pages\/24","targetHints":{"allow":["GET"]}}],"collection":[{"href":"https:\/\/clubrichelieucornwall.ca\/en\/wp-json\/wp\/v2\/pages"}],"about":[{"href":"https:\/\/clubrichelieucornwall.ca\/en\/wp-json\/wp\/v2\/types\/page"}],"author":[{"embeddable":true,"href":"https:\/\/clubrichelieucornwall.ca\/en\/wp-json\/wp\/v2\/users\/1"}],"replies":[{"embeddable":true,"href":"https:\/\/clubrichelieucornwall.ca\/en\/wp-json\/wp\/v2\/comments?post=24"}],"version-history":[{"count":16,"href":"https:\/\/clubrichelieucornwall.ca\/en\/wp-json\/wp\/v2\/pages\/24\/revisions"}],"predecessor-version":[{"id":2129,"href":"https:\/\/clubrichelieucornwall.ca\/en\/wp-json\/wp\/v2\/pages\/24\/revisions\/2129"}],"up":[{"embeddable":true,"href":"https:\/\/clubrichelieucornwall.ca\/en\/wp-json\/wp\/v2\/pages\/2081"}],"wp:featuredmedia":[{"embeddable":true,"href":"https:\/\/clubrichelieucornwall.ca\/en\/wp-json\/wp\/v2\/media\/1410"}],"wp:attachment":[{"href":"https:\/\/clubrichelieucornwall.ca\/en\/wp-json\/wp\/v2\/media?parent=24"}],"curies":[{"name":"wp","href":"https:\/\/api.w.org\/{rel}","templated":true}]}}