{"id":2277,"date":"2026-03-19T16:13:36","date_gmt":"2026-03-19T20:13:36","guid":{"rendered":"https:\/\/clubrichelieucornwall.ca\/?page_id=2277"},"modified":"2026-04-14T11:30:26","modified_gmt":"2026-04-14T15:30:26","slug":"pmr2026","status":"publish","type":"page","link":"https:\/\/clubrichelieucornwall.ca\/en\/pmr2026\/","title":{"rendered":"Pr\u00e9-Mar\u00e9e Benefit Dinner"},"content":{"rendered":"<figure class=\"wp-block-image aligncenter size-large\"><img loading=\"lazy\" decoding=\"async\" width=\"1024\" height=\"683\" src=\"https:\/\/clubrichelieucornwall.ca\/wp-content\/uploads\/2026\/04\/PMR2026-English.jpg\" alt=\"\" class=\"wp-image-2309\" srcset=\"https:\/\/clubrichelieucornwall.ca\/wp-content\/uploads\/2026\/04\/PMR2026-English.jpg 1536w, https:\/\/clubrichelieucornwall.ca\/wp-content\/uploads\/2026\/04\/PMR2026-English-1280x853.jpg 1280w, https:\/\/clubrichelieucornwall.ca\/wp-content\/uploads\/2026\/04\/PMR2026-English-980x653.jpg 980w, https:\/\/clubrichelieucornwall.ca\/wp-content\/uploads\/2026\/04\/PMR2026-English-480x320.jpg 480w\" sizes=\"(min-width: 0px) and (max-width: 480px) 480px, (min-width: 481px) and (max-width: 980px) 980px, (min-width: 981px) 1024px, 100vw\" \/><\/figure>\n\n\n\n<p class=\"has-text-align-center has-medium-font-size\">Tickets on sale at the Centre Charles-\u00c9mile-Claude. (Cash only.)<\/p>\n\n\n\n<p class=\"has-text-align-center has-medium-font-size\"><a href=\"https:\/\/clubrichelieucornwall.ca\/en\/nos-actions\/bienfaiteur-et-organizations-qui-nous-soutenons\/\" data-type=\"link\" data-id=\"https:\/\/clubrichelieucornwall.ca\/nos-actions\/bienfaiteur-et-organizations-qui-nous-soutenons\">Discover the impact of your contribution<\/a><\/p>\n\n\n\n<h2 class=\"wp-block-heading\">TICKET PURCHASE<\/h2>\n\n\n\n<p>Attention: some options include donations. Please read carefully before making your selections.<\/p>\n\n\n\n<h2 class=\"wp-block-heading\">TABLE RESERVATION<\/h2>\n\n\n\n<p>To reserve a table, please contact Diane Pilon at <a href=\"mailto:dianepilon51@hotmail.com\">(dianepilon51@hotmail.com)<\/a> before <strong>May 16, 2026<\/strong>We will do our best to accommodate your request.<\/p>\n\n\n\n<div style=\"position:relative;overflow:hidden;height:100%;width:100%;padding-top:800px;\"><iframe title='Donation form powered by Zeffy' style='position: absolute; border: 0; top:0;left:0;bottom:0;right:0;width:100%;height:100%' src='https:\/\/www.zeffy.com\/fr-CA\/embed\/ticketing\/pre-maree-benefit-dinner' allowpaymentrequest allowtransparency=\"true\"><\/iframe><\/div>\n\n\n\n<p><br><\/p>","protected":false},"excerpt":{"rendered":"<p>Billets en vente au Centre Charles-\u00c9mile-Claude. (Argent comptant seulement.) D\u00e9couvrez l\u2019impact de votre contribution ACHAT DE BILLETS Attention : certaines options incluent des dons. Veuillez lire attentivement avant de faire vos s\u00e9lections. R\u00c9SERVATION Pour r\u00e9server une table, communiquer avec Diane Pilon dianepilon51@hotmail.com avant le 16 mai 2026. Nous ferons tout notre possible pour vous accommoder.<\/p>","protected":false},"author":1,"featured_media":0,"parent":0,"menu_order":0,"comment_status":"closed","ping_status":"closed","template":"","meta":{"_acf_changed":false,"_et_pb_use_builder":"","_et_pb_old_content":"","_et_gb_content_width":"","footnotes":""},"class_list":["post-2277","page","type-page","status-publish","hentry"],"acf":[],"_links":{"self":[{"href":"https:\/\/clubrichelieucornwall.ca\/en\/wp-json\/wp\/v2\/pages\/2277","targetHints":{"allow":["GET"]}}],"collection":[{"href":"https:\/\/clubrichelieucornwall.ca\/en\/wp-json\/wp\/v2\/pages"}],"about":[{"href":"https:\/\/clubrichelieucornwall.ca\/en\/wp-json\/wp\/v2\/types\/page"}],"author":[{"embeddable":true,"href":"https:\/\/clubrichelieucornwall.ca\/en\/wp-json\/wp\/v2\/users\/1"}],"replies":[{"embeddable":true,"href":"https:\/\/clubrichelieucornwall.ca\/en\/wp-json\/wp\/v2\/comments?post=2277"}],"version-history":[{"count":22,"href":"https:\/\/clubrichelieucornwall.ca\/en\/wp-json\/wp\/v2\/pages\/2277\/revisions"}],"predecessor-version":[{"id":2315,"href":"https:\/\/clubrichelieucornwall.ca\/en\/wp-json\/wp\/v2\/pages\/2277\/revisions\/2315"}],"wp:attachment":[{"href":"https:\/\/clubrichelieucornwall.ca\/en\/wp-json\/wp\/v2\/media?parent=2277"}],"curies":[{"name":"wp","href":"https:\/\/api.w.org\/{rel}","templated":true}]}}