{"id":1295,"date":"2025-12-16T13:44:43","date_gmt":"2025-12-16T18:44:43","guid":{"rendered":"https:\/\/clubrichelieucornwall.ca\/?page_id=1295"},"modified":"2026-03-10T10:08:21","modified_gmt":"2026-03-10T14:08:21","slug":"tableau-de-reconnaissance","status":"publish","type":"page","link":"https:\/\/clubrichelieucornwall.ca\/en\/nos-partenaires\/tableau-de-reconnaissance\/","title":{"rendered":"Gratitude Wall"},"content":{"rendered":"<p>Welcome to our <strong><em>Gratitude Wall<\/em><\/strong> , where we highlight the generosity of all our benefactors and express our deepest gratitude to all donors who support our mission. Thanks to your commitment, we are working together to offer a brighter future to the youth of our community.<\/p>\n\n\n\n<h2 class=\"wp-block-heading has-text-align-center\">Gratitude Wall<\/h2>\n\n\n\n<p class=\"has-text-align-center\"><strong>Our sincerest thanks to our benefactors.<\/strong><\/p>\n\n\n\n<div style=\"height:40px\" aria-hidden=\"true\" class=\"wp-block-spacer\"><\/div>\n\n\n\n<div class=\"wp-block-columns is-layout-flex wp-container-core-columns-is-layout-9d6595d7 wp-block-columns-is-layout-flex\">\n<div class=\"wp-block-column is-layout-flow wp-block-column-is-layout-flow\">\n<figure class=\"wp-block-image aligncenter size-full is-resized\"><img loading=\"lazy\" decoding=\"async\" width=\"298\" height=\"308\" src=\"https:\/\/clubrichelieucornwall.ca\/wp-content\/uploads\/2025\/12\/BATISSEUR.png\" alt=\"\" class=\"wp-image-1338\" style=\"width:100px\" srcset=\"https:\/\/clubrichelieucornwall.ca\/wp-content\/uploads\/2025\/12\/BATISSEUR.png 298w, https:\/\/clubrichelieucornwall.ca\/wp-content\/uploads\/2025\/12\/BATISSEUR-290x300.png 290w, https:\/\/clubrichelieucornwall.ca\/wp-content\/uploads\/2025\/12\/BATISSEUR-12x12.png 12w\" sizes=\"(max-width: 298px) 100vw, 298px\" \/><\/figure>\n<\/div>\n\n\n\n<div class=\"wp-block-column is-layout-flow wp-block-column-is-layout-flow\">\n<div style=\"height:15px\" aria-hidden=\"true\" class=\"wp-block-spacer\"><\/div>\n\n\n\n<p class=\"has-text-align-center has-large-font-size\"><strong>BUILDER<\/strong><\/p>\n<\/div>\n\n\n\n<div class=\"wp-block-column is-layout-flow wp-block-column-is-layout-flow\">\n<div style=\"height:15px\" aria-hidden=\"true\" class=\"wp-block-spacer\"><\/div>\n\n\n\n<p class=\"has-text-align-center has-large-font-size\"><strong>2 000 $ et plus<\/strong><\/p>\n<\/div>\n<\/div>\n\n\n\n<div class=\"wp-block-columns is-layout-flex wp-container-core-columns-is-layout-9d6595d7 wp-block-columns-is-layout-flex\">\n<div class=\"wp-block-column is-layout-flow wp-block-column-is-layout-flow\">\n<figure class=\"wp-block-image aligncenter size-full is-resized\"><img loading=\"lazy\" decoding=\"async\" width=\"461\" height=\"418\" src=\"https:\/\/clubrichelieucornwall.ca\/wp-content\/uploads\/2025\/12\/PLATINE.png\" alt=\"\" class=\"wp-image-1335\" style=\"width:100px\" srcset=\"https:\/\/clubrichelieucornwall.ca\/wp-content\/uploads\/2025\/12\/PLATINE.png 461w, https:\/\/clubrichelieucornwall.ca\/wp-content\/uploads\/2025\/12\/PLATINE-300x272.png 300w, https:\/\/clubrichelieucornwall.ca\/wp-content\/uploads\/2025\/12\/PLATINE-13x12.png 13w\" sizes=\"(max-width: 461px) 100vw, 461px\" \/><\/figure>\n<\/div>\n\n\n\n<div class=\"wp-block-column is-layout-flow wp-block-column-is-layout-flow\">\n<p class=\"has-text-align-center has-large-font-size\"><strong>PLATINUM<\/strong><\/p>\n<\/div>\n\n\n\n<div class=\"wp-block-column has-large-font-size is-layout-flow wp-block-column-is-layout-flow\">\n<p class=\"has-text-align-center has-large-font-size\"><strong>1&nbsp;500 $ &#8211; 1 999 $<\/strong><\/p>\n<\/div>\n<\/div>\n\n\n\n<div class=\"wp-block-columns is-layout-flex wp-container-core-columns-is-layout-9d6595d7 wp-block-columns-is-layout-flex\">\n<div class=\"wp-block-column is-layout-flow wp-block-column-is-layout-flow\">\n<figure class=\"wp-block-image aligncenter size-full is-resized\"><img loading=\"lazy\" decoding=\"async\" width=\"461\" height=\"418\" src=\"https:\/\/clubrichelieucornwall.ca\/wp-content\/uploads\/2025\/12\/placeholder.png\" alt=\"\" class=\"wp-image-1341\" style=\"width:100px\" srcset=\"https:\/\/clubrichelieucornwall.ca\/wp-content\/uploads\/2025\/12\/placeholder.png 461w, https:\/\/clubrichelieucornwall.ca\/wp-content\/uploads\/2025\/12\/placeholder-300x272.png 300w, https:\/\/clubrichelieucornwall.ca\/wp-content\/uploads\/2025\/12\/placeholder-13x12.png 13w\" sizes=\"(max-width: 461px) 100vw, 461px\" \/><\/figure>\n<\/div>\n\n\n\n<div class=\"wp-block-column is-layout-flow wp-block-column-is-layout-flow\">\n<p class=\"has-text-align-center has-large-font-size\"><strong>DIAMOND<\/strong><\/p>\n<\/div>\n\n\n\n<div class=\"wp-block-column is-layout-flow wp-block-column-is-layout-flow\">\n<p class=\"has-text-align-center has-large-font-size\"><strong>$1,000 \u2013 $1,499\u2028<\/strong><\/p>\n<\/div>\n<\/div>\n\n\n\n<div class=\"wp-block-columns is-layout-flex wp-container-core-columns-is-layout-9d6595d7 wp-block-columns-is-layout-flex\">\n<div class=\"wp-block-column is-layout-flow wp-block-column-is-layout-flow\">\n<figure class=\"wp-block-image aligncenter size-full is-resized\"><img loading=\"lazy\" decoding=\"async\" width=\"461\" height=\"418\" src=\"https:\/\/clubrichelieucornwall.ca\/wp-content\/uploads\/2025\/12\/OR.png\" alt=\"\" class=\"wp-image-1337\" style=\"width:100px\" srcset=\"https:\/\/clubrichelieucornwall.ca\/wp-content\/uploads\/2025\/12\/OR.png 461w, https:\/\/clubrichelieucornwall.ca\/wp-content\/uploads\/2025\/12\/OR-300x272.png 300w, https:\/\/clubrichelieucornwall.ca\/wp-content\/uploads\/2025\/12\/OR-13x12.png 13w\" sizes=\"(max-width: 461px) 100vw, 461px\" \/><\/figure>\n<\/div>\n\n\n\n<div class=\"wp-block-column is-layout-flow wp-block-column-is-layout-flow\">\n<p class=\"has-text-align-center has-large-font-size\"><strong>GOLD<\/strong><\/p>\n<\/div>\n\n\n\n<div class=\"wp-block-column is-layout-flow wp-block-column-is-layout-flow\">\n<p class=\"has-text-align-center has-large-font-size\"><strong>$500 \u2013 $999\u2028<\/strong><\/p>\n<\/div>\n<\/div>\n\n\n\n<div class=\"wp-block-columns is-layout-flex wp-container-core-columns-is-layout-9d6595d7 wp-block-columns-is-layout-flex\">\n<div class=\"wp-block-column is-layout-flow wp-block-column-is-layout-flow\">\n<figure class=\"wp-block-image aligncenter size-full is-resized\"><img loading=\"lazy\" decoding=\"async\" width=\"461\" height=\"418\" src=\"https:\/\/clubrichelieucornwall.ca\/wp-content\/uploads\/2025\/12\/ARGENT.png\" alt=\"\" class=\"wp-image-1350\" style=\"width:100px\" srcset=\"https:\/\/clubrichelieucornwall.ca\/wp-content\/uploads\/2025\/12\/ARGENT.png 461w, https:\/\/clubrichelieucornwall.ca\/wp-content\/uploads\/2025\/12\/ARGENT-300x272.png 300w, https:\/\/clubrichelieucornwall.ca\/wp-content\/uploads\/2025\/12\/ARGENT-13x12.png 13w\" sizes=\"(max-width: 461px) 100vw, 461px\" \/><\/figure>\n<\/div>\n\n\n\n<div class=\"wp-block-column is-layout-flow wp-block-column-is-layout-flow\">\n<p class=\"has-text-align-center has-large-font-size\"><strong>SILVER<\/strong><\/p>\n<\/div>\n\n\n\n<div class=\"wp-block-column is-layout-flow wp-block-column-is-layout-flow\">\n<p class=\"has-text-align-center has-large-font-size\"><strong>$250 \u2013 $499<\/strong><\/p>\n<\/div>\n<\/div>\n\n\n\n<div class=\"wp-block-columns is-layout-flex wp-container-core-columns-is-layout-9d6595d7 wp-block-columns-is-layout-flex\">\n<div class=\"wp-block-column is-layout-flow wp-block-column-is-layout-flow\">\n<figure class=\"wp-block-image aligncenter size-full is-resized\"><img loading=\"lazy\" decoding=\"async\" width=\"461\" height=\"418\" src=\"https:\/\/clubrichelieucornwall.ca\/wp-content\/uploads\/2025\/12\/BRONZE.png\" alt=\"\" class=\"wp-image-1333\" style=\"aspect-ratio:1.1029411764705883;object-fit:cover;width:100px\" srcset=\"https:\/\/clubrichelieucornwall.ca\/wp-content\/uploads\/2025\/12\/BRONZE.png 461w, https:\/\/clubrichelieucornwall.ca\/wp-content\/uploads\/2025\/12\/BRONZE-300x272.png 300w, https:\/\/clubrichelieucornwall.ca\/wp-content\/uploads\/2025\/12\/BRONZE-13x12.png 13w\" sizes=\"(max-width: 461px) 100vw, 461px\" \/><\/figure>\n<\/div>\n\n\n\n<div class=\"wp-block-column is-layout-flow wp-block-column-is-layout-flow\">\n<p class=\"has-text-align-center has-large-font-size\"><strong>BRONZE<\/strong><\/p>\n<\/div>\n\n\n\n<div class=\"wp-block-column is-layout-flow wp-block-column-is-layout-flow\">\n<p class=\"has-text-align-center has-large-font-size\"><strong>100 $ \u2013 249 $<\/strong><\/p>\n<\/div>\n<\/div>\n\n\n\n<div style=\"height:40px\" aria-hidden=\"true\" class=\"wp-block-spacer\"><\/div>\n\n\n\n<figure class=\"wp-block-gallery has-nested-images columns-4 is-cropped wp-block-gallery-1 is-layout-flex wp-block-gallery-is-layout-flex\">\n<figure class=\"wp-block-image size-large\"><img loading=\"lazy\" decoding=\"async\" width=\"1024\" height=\"1024\" data-id=\"1698\" src=\"https:\/\/clubrichelieucornwall.ca\/wp-content\/uploads\/2026\/01\/woman-with-colorful-hair-wearing-headphones-smiling-vibrant-joyful-portrait-modern-1024x1024.jpeg\" alt=\"\" class=\"wp-image-1698\" srcset=\"https:\/\/clubrichelieucornwall.ca\/wp-content\/uploads\/2026\/01\/woman-with-colorful-hair-wearing-headphones-smiling-vibrant-joyful-portrait-modern-980x980.jpeg 980w, https:\/\/clubrichelieucornwall.ca\/wp-content\/uploads\/2026\/01\/woman-with-colorful-hair-wearing-headphones-smiling-vibrant-joyful-portrait-modern-480x480.jpeg 480w\" sizes=\"(min-width: 0px) and (max-width: 480px) 480px, (min-width: 481px) and (max-width: 980px) 980px, (min-width: 981px) 1024px, 100vw\" \/><\/figure>\n\n\n\n<figure class=\"wp-block-image size-large\"><img loading=\"lazy\" decoding=\"async\" width=\"1024\" height=\"683\" data-id=\"1699\" src=\"https:\/\/clubrichelieucornwall.ca\/wp-content\/uploads\/2026\/01\/young-woman-with-blue-hair-wearing-headphones-looking-camera-1024x683.jpeg\" alt=\"\" class=\"wp-image-1699\" srcset=\"https:\/\/clubrichelieucornwall.ca\/wp-content\/uploads\/2026\/01\/young-woman-with-blue-hair-wearing-headphones-looking-camera-980x653.jpeg 980w, https:\/\/clubrichelieucornwall.ca\/wp-content\/uploads\/2026\/01\/young-woman-with-blue-hair-wearing-headphones-looking-camera-480x320.jpeg 480w\" sizes=\"(min-width: 0px) and (max-width: 480px) 480px, (min-width: 481px) and (max-width: 980px) 980px, (min-width: 981px) 1024px, 100vw\" \/><\/figure>\n\n\n\n<figure class=\"wp-block-image size-large\"><img loading=\"lazy\" decoding=\"async\" width=\"1024\" height=\"683\" data-id=\"1700\" src=\"https:\/\/clubrichelieucornwall.ca\/wp-content\/uploads\/2026\/01\/attractive-funny-guy-keeps-lips-folded-enjoys-nice-bits-new-stereo-heasphones-listens-music-leisure-time-dressed-casual-wear-isolated-blue-studio-wall-1024x683.jpeg\" alt=\"\" class=\"wp-image-1700\" srcset=\"https:\/\/clubrichelieucornwall.ca\/wp-content\/uploads\/2026\/01\/attractive-funny-guy-keeps-lips-folded-enjoys-nice-bits-new-stereo-heasphones-listens-music-leisure-time-dressed-casual-wear-isolated-blue-studio-wall-980x653.jpeg 980w, https:\/\/clubrichelieucornwall.ca\/wp-content\/uploads\/2026\/01\/attractive-funny-guy-keeps-lips-folded-enjoys-nice-bits-new-stereo-heasphones-listens-music-leisure-time-dressed-casual-wear-isolated-blue-studio-wall-480x320.jpeg 480w\" sizes=\"(min-width: 0px) and (max-width: 480px) 480px, (min-width: 481px) and (max-width: 980px) 980px, (min-width: 981px) 1024px, 100vw\" \/><\/figure>\n\n\n\n<figure class=\"wp-block-image size-large\"><img loading=\"lazy\" decoding=\"async\" width=\"1024\" height=\"683\" data-id=\"1701\" src=\"https:\/\/clubrichelieucornwall.ca\/wp-content\/uploads\/2026\/01\/cool-handsome-teenager-dressed-hoodie-vest-holds-aerosol-spray-makes-creative-graffiti-street-walls-listens-music-via-wireless-headphones-1024x683.jpeg\" alt=\"\" class=\"wp-image-1701\" srcset=\"https:\/\/clubrichelieucornwall.ca\/wp-content\/uploads\/2026\/01\/cool-handsome-teenager-dressed-hoodie-vest-holds-aerosol-spray-makes-creative-graffiti-street-walls-listens-music-via-wireless-headphones-980x654.jpeg 980w, https:\/\/clubrichelieucornwall.ca\/wp-content\/uploads\/2026\/01\/cool-handsome-teenager-dressed-hoodie-vest-holds-aerosol-spray-makes-creative-graffiti-street-walls-listens-music-via-wireless-headphones-480x320.jpeg 480w\" sizes=\"(min-width: 0px) and (max-width: 480px) 480px, (min-width: 481px) and (max-width: 980px) 980px, (min-width: 981px) 1024px, 100vw\" \/><\/figure>\n<\/figure>\n\n\n\n<div style=\"height:40px\" aria-hidden=\"true\" class=\"wp-block-spacer\"><\/div>\n\n\n\n<figure class=\"wp-block-image aligncenter size-full is-resized\"><img loading=\"lazy\" decoding=\"async\" width=\"298\" height=\"308\" src=\"https:\/\/clubrichelieucornwall.ca\/wp-content\/uploads\/2025\/12\/BATISSEUR.png\" alt=\"\" class=\"wp-image-1338\" style=\"width:auto;height:250px\" srcset=\"https:\/\/clubrichelieucornwall.ca\/wp-content\/uploads\/2025\/12\/BATISSEUR.png 298w, https:\/\/clubrichelieucornwall.ca\/wp-content\/uploads\/2025\/12\/BATISSEUR-290x300.png 290w, https:\/\/clubrichelieucornwall.ca\/wp-content\/uploads\/2025\/12\/BATISSEUR-12x12.png 12w\" sizes=\"(max-width: 298px) 100vw, 298px\" \/><\/figure>\n\n\n\n<p class=\"has-text-align-center\"><em>\u201cDo your little bit of good where you are; it\u2019s those little bits of good put together that overwhelm the world.\u201d<\/em> <strong>Desmond Tutu<\/strong><\/p>\n\n\n\n<ul class=\"wp-block-list\">\n<li><\/li>\n<\/ul>\n\n\n\n<div style=\"height:50px\" aria-hidden=\"true\" class=\"wp-block-spacer\"><\/div>\n\n\n\n<figure class=\"wp-block-image aligncenter size-full is-resized\"><img loading=\"lazy\" decoding=\"async\" width=\"461\" height=\"418\" src=\"https:\/\/clubrichelieucornwall.ca\/wp-content\/uploads\/2025\/12\/PLATINE.png\" alt=\"\" class=\"wp-image-1335\" style=\"width:auto;height:250px\" srcset=\"https:\/\/clubrichelieucornwall.ca\/wp-content\/uploads\/2025\/12\/PLATINE.png 461w, https:\/\/clubrichelieucornwall.ca\/wp-content\/uploads\/2025\/12\/PLATINE-300x272.png 300w, https:\/\/clubrichelieucornwall.ca\/wp-content\/uploads\/2025\/12\/PLATINE-13x12.png 13w\" sizes=\"(max-width: 461px) 100vw, 461px\" \/><\/figure>\n\n\n\n<p class=\"has-text-align-center\"><em>\u201cBe the change you wish to see in the world.\u201d<\/em> <strong>Mahatma Gandhi<\/strong><\/p>\n\n\n\n<div class=\"wp-block-columns is-layout-flex wp-container-core-columns-is-layout-9d6595d7 wp-block-columns-is-layout-flex\">\n<div class=\"wp-block-column is-layout-flow wp-block-column-is-layout-flow\">\n<ul class=\"wp-block-list\">\n<li>&nbsp;<\/li>\n<\/ul>\n<\/div>\n\n\n\n<div class=\"wp-block-column is-layout-flow wp-block-column-is-layout-flow\">\n<ul class=\"wp-block-list\">\n<li><\/li>\n<\/ul>\n<\/div>\n<\/div>\n\n\n\n<div style=\"height:50px\" aria-hidden=\"true\" class=\"wp-block-spacer\"><\/div>\n\n\n\n<figure class=\"wp-block-image aligncenter size-full is-resized\"><img loading=\"lazy\" decoding=\"async\" width=\"461\" height=\"418\" src=\"https:\/\/clubrichelieucornwall.ca\/wp-content\/uploads\/2025\/12\/placeholder.png\" alt=\"\" class=\"wp-image-1341\" style=\"width:auto;height:250px\" srcset=\"https:\/\/clubrichelieucornwall.ca\/wp-content\/uploads\/2025\/12\/placeholder.png 461w, https:\/\/clubrichelieucornwall.ca\/wp-content\/uploads\/2025\/12\/placeholder-300x272.png 300w, https:\/\/clubrichelieucornwall.ca\/wp-content\/uploads\/2025\/12\/placeholder-13x12.png 13w\" sizes=\"(max-width: 461px) 100vw, 461px\" \/><\/figure>\n\n\n\n<p class=\"has-text-align-center\"><em>\u201cHelping one person might not change the whole world, but it could change the world for one person.\u201d<\/em><\/p>\n\n\n\n<div class=\"wp-block-columns is-layout-flex wp-container-core-columns-is-layout-9d6595d7 wp-block-columns-is-layout-flex\">\n<div class=\"wp-block-column is-layout-flow wp-block-column-is-layout-flow\">\n<ul class=\"wp-block-list\">\n<li><\/li>\n<\/ul>\n<\/div>\n\n\n\n<div class=\"wp-block-column is-layout-flow wp-block-column-is-layout-flow\">\n<ul class=\"wp-block-list\">\n<li><\/li>\n<\/ul>\n<\/div>\n<\/div>\n\n\n\n<div style=\"height:50px\" aria-hidden=\"true\" class=\"wp-block-spacer\"><\/div>\n\n\n\n<figure class=\"wp-block-image aligncenter size-full is-resized\"><img loading=\"lazy\" decoding=\"async\" width=\"461\" height=\"418\" src=\"https:\/\/clubrichelieucornwall.ca\/wp-content\/uploads\/2025\/12\/OR.png\" alt=\"\" class=\"wp-image-1337\" style=\"width:auto;height:250px\" srcset=\"https:\/\/clubrichelieucornwall.ca\/wp-content\/uploads\/2025\/12\/OR.png 461w, https:\/\/clubrichelieucornwall.ca\/wp-content\/uploads\/2025\/12\/OR-300x272.png 300w, https:\/\/clubrichelieucornwall.ca\/wp-content\/uploads\/2025\/12\/OR-13x12.png 13w\" sizes=\"(max-width: 461px) 100vw, 461px\" \/><\/figure>\n\n\n\n<p class=\"has-text-align-center\"><em>\u201cThe best way to find yourself is to lose yourself in the service of others.\u201d<\/em><strong> \u2013 Mahatma Gandhi<\/strong><\/p>\n\n\n\n<div class=\"wp-block-columns is-layout-flex wp-container-core-columns-is-layout-9d6595d7 wp-block-columns-is-layout-flex\">\n<div class=\"wp-block-column is-layout-flow wp-block-column-is-layout-flow\">\n<ul class=\"wp-block-list\">\n<li>&nbsp;<\/li>\n<\/ul>\n<\/div>\n\n\n\n<div class=\"wp-block-column is-layout-flow wp-block-column-is-layout-flow\">\n<ul class=\"wp-block-list\">\n<li><\/li>\n<\/ul>\n<\/div>\n<\/div>\n\n\n\n<div style=\"height:50px\" aria-hidden=\"true\" class=\"wp-block-spacer\"><\/div>\n\n\n\n<figure class=\"wp-block-image aligncenter size-full is-resized\"><img loading=\"lazy\" decoding=\"async\" width=\"461\" height=\"418\" src=\"https:\/\/clubrichelieucornwall.ca\/wp-content\/uploads\/2025\/12\/ARGENT.png\" alt=\"\" class=\"wp-image-1350\" style=\"width:auto;height:250px\" srcset=\"https:\/\/clubrichelieucornwall.ca\/wp-content\/uploads\/2025\/12\/ARGENT.png 461w, https:\/\/clubrichelieucornwall.ca\/wp-content\/uploads\/2025\/12\/ARGENT-300x272.png 300w, https:\/\/clubrichelieucornwall.ca\/wp-content\/uploads\/2025\/12\/ARGENT-13x12.png 13w\" sizes=\"(max-width: 461px) 100vw, 461px\" \/><\/figure>\n\n\n\n<p class=\"has-text-align-center\"><em>Ce sont les petits gestes faits avec amiti\u00e9 qui changent le monde<\/em> \u2013 <strong>Mother Teresa<\/strong><\/p>\n\n\n\n<div class=\"wp-block-columns is-layout-flex wp-container-core-columns-is-layout-9d6595d7 wp-block-columns-is-layout-flex\">\n<div class=\"wp-block-column is-layout-flow wp-block-column-is-layout-flow\">\n<ul class=\"wp-block-list\">\n<li><\/li>\n<\/ul>\n<\/div>\n\n\n\n<div class=\"wp-block-column is-layout-flow wp-block-column-is-layout-flow\">\n<ul class=\"wp-block-list\">\n<li><\/li>\n<\/ul>\n<\/div>\n<\/div>\n\n\n\n<div style=\"height:50px\" aria-hidden=\"true\" class=\"wp-block-spacer\"><\/div>\n\n\n\n<figure class=\"wp-block-image aligncenter size-full is-resized\"><img loading=\"lazy\" decoding=\"async\" width=\"461\" height=\"418\" src=\"https:\/\/clubrichelieucornwall.ca\/wp-content\/uploads\/2025\/12\/BRONZE.png\" alt=\"\" class=\"wp-image-1333\" style=\"width:auto;height:250px\" srcset=\"https:\/\/clubrichelieucornwall.ca\/wp-content\/uploads\/2025\/12\/BRONZE.png 461w, https:\/\/clubrichelieucornwall.ca\/wp-content\/uploads\/2025\/12\/BRONZE-300x272.png 300w, https:\/\/clubrichelieucornwall.ca\/wp-content\/uploads\/2025\/12\/BRONZE-13x12.png 13w\" sizes=\"(max-width: 461px) 100vw, 461px\" \/><\/figure>\n\n\n\n<p class=\"has-text-align-center\"><em>\u201cNever doubt that a small group of thoughtful, committed citizens can change the world; indeed, it\u2019s the only thing that ever has.\u201d<\/em>&nbsp; <strong>Margaret Mead<\/strong><\/p>\n\n\n\n<div class=\"wp-block-columns is-layout-flex wp-container-core-columns-is-layout-9d6595d7 wp-block-columns-is-layout-flex\">\n<div class=\"wp-block-column is-layout-flow wp-block-column-is-layout-flow\">\n<ul class=\"wp-block-list\">\n<li><\/li>\n<\/ul>\n<\/div>\n\n\n\n<div class=\"wp-block-column is-layout-flow wp-block-column-is-layout-flow\">\n<ul class=\"wp-block-list\">\n<li><\/li>\n<\/ul>\n<\/div>\n\n\n\n<div class=\"wp-block-column is-layout-flow wp-block-column-is-layout-flow\">\n<ul class=\"wp-block-list\">\n<li><\/li>\n<\/ul>\n<\/div>\n<\/div>","protected":false},"excerpt":{"rendered":"<p>Bienvenue sur notre Tableau de reconnaissance o\u00f9 chaque geste de bienveillance fait une diff\u00e9rence. Nous exprimons notre profonde gratitude \u00e0 toutes les donatrices et \u00e0 tous les donateurs qui soutiennent notre mission. Gr\u00e2ce \u00e0 votre engagement et votre g\u00e9n\u00e9rosit\u00e9, nous \u0153uvrons ensemble pour offrir un avenir meilleur \u00e0 la jeunesse de notre communaut\u00e9. Tableau de [&hellip;]<\/p>\n","protected":false},"author":1,"featured_media":1315,"parent":2085,"menu_order":0,"comment_status":"closed","ping_status":"closed","template":"","meta":{"_acf_changed":false,"_et_pb_use_builder":"","_et_pb_old_content":"","_et_gb_content_width":"","footnotes":""},"class_list":["post-1295","page","type-page","status-publish","has-post-thumbnail","hentry"],"acf":[],"_links":{"self":[{"href":"https:\/\/clubrichelieucornwall.ca\/en\/wp-json\/wp\/v2\/pages\/1295","targetHints":{"allow":["GET"]}}],"collection":[{"href":"https:\/\/clubrichelieucornwall.ca\/en\/wp-json\/wp\/v2\/pages"}],"about":[{"href":"https:\/\/clubrichelieucornwall.ca\/en\/wp-json\/wp\/v2\/types\/page"}],"author":[{"embeddable":true,"href":"https:\/\/clubrichelieucornwall.ca\/en\/wp-json\/wp\/v2\/users\/1"}],"replies":[{"embeddable":true,"href":"https:\/\/clubrichelieucornwall.ca\/en\/wp-json\/wp\/v2\/comments?post=1295"}],"version-history":[{"count":25,"href":"https:\/\/clubrichelieucornwall.ca\/en\/wp-json\/wp\/v2\/pages\/1295\/revisions"}],"predecessor-version":[{"id":2135,"href":"https:\/\/clubrichelieucornwall.ca\/en\/wp-json\/wp\/v2\/pages\/1295\/revisions\/2135"}],"up":[{"embeddable":true,"href":"https:\/\/clubrichelieucornwall.ca\/en\/wp-json\/wp\/v2\/pages\/2085"}],"wp:featuredmedia":[{"embeddable":true,"href":"https:\/\/clubrichelieucornwall.ca\/en\/wp-json\/wp\/v2\/media\/1315"}],"wp:attachment":[{"href":"https:\/\/clubrichelieucornwall.ca\/en\/wp-json\/wp\/v2\/media?parent=1295"}],"curies":[{"name":"wp","href":"https:\/\/api.w.org\/{rel}","templated":true}]}}